{"id":29342,"date":"2024-06-02T13:17:51","date_gmt":"2024-06-02T11:17:51","guid":{"rendered":"https:\/\/apartmentalgarverental.com\/actividades\/"},"modified":"2025-04-20T16:13:27","modified_gmt":"2025-04-20T14:13:27","slug":"actividades","status":"publish","type":"page","link":"https:\/\/apartmentalgarverental.com\/pt-pt\/actividades\/","title":{"rendered":"Actividades"},"content":{"rendered":"<p>[et_pb_section fb_built=&#8221;1&#8243; admin_label=&#8221;Header&#8221; _builder_version=&#8221;4.27.4&#8243; _module_preset=&#8221;default&#8221; background_enable_color=&#8221;off&#8221; use_background_color_gradient=&#8221;on&#8221; background_color_gradient_stops=&#8221;rgba(39,41,47,0.8) 0%|#27292f 100%&#8221; background_color_gradient_overlays_image=&#8221;on&#8221; background_image=&#8221;https:\/\/apartmentalgarverental.com\/wp-content\/uploads\/2024\/07\/vilamoura-2.jpg&#8221; width=&#8221;94%&#8221; width_tablet=&#8221;80%&#8221; width_phone=&#8221;80%&#8221; width_last_edited=&#8221;on|desktop&#8221; max_width=&#8221;2000px&#8221; module_alignment=&#8221;center&#8221; custom_margin=&#8221;20px||20px||true|false&#8221; custom_padding=&#8221;6vw||6vw||true|false&#8221; hover_enabled=&#8221;0&#8243; border_radii=&#8221;on|10px|10px|10px|10px&#8221; locked=&#8221;off&#8221; collapsed=&#8221;on&#8221; global_colors_info=&#8221;{}&#8221; alt=&#8221;Vilamoura&#8221; title_text=&#8221;vilamoura-2&#8243; sticky_enabled=&#8221;0&#8243;][et_pb_row _builder_version=&#8221;4.21.0&#8243; _module_preset=&#8221;default&#8221; global_colors_info=&#8221;{}&#8221;][et_pb_column type=&#8221;4_4&#8243; _builder_version=&#8221;4.21.0&#8243; _module_preset=&#8221;default&#8221; global_colors_info=&#8221;{}&#8221;][et_pb_text _builder_version=&#8221;4.27.2&#8243; _module_preset=&#8221;fe3c61fd-a2f4-4806-907a-2f40d4770656&#8243; header_4_font=&#8221;|700||on|||||&#8221; header_4_text_color=&#8221;#FFFFFF&#8221; text_orientation=&#8221;center&#8221; locked=&#8221;off&#8221; global_colors_info=&#8221;{}&#8221;]<\/p>\n<h4>NO CORA\u00c7\u00c3O DO ALGARVE<\/h4>\n<p>[\/et_pb_text][et_pb_text _builder_version=&#8221;4.25.1&#8243; _module_preset=&#8221;a2fd2ea9-b69a-4c95-af62-6f35a4090b6d&#8221; header_font=&#8221;||||||||&#8221; header_text_color=&#8221;#FFFFFF&#8221; text_orientation=&#8221;center&#8221; locked=&#8221;off&#8221; global_colors_info=&#8221;{}&#8221;]<\/p>\n<h1>Actividades de lazer<\/h1>\n<p>[\/et_pb_text][\/et_pb_column][\/et_pb_row][\/et_pb_section][et_pb_section fb_built=&#8221;1&#8243; admin_label=&#8221;About&#8221; _builder_version=&#8221;4.25.1&#8243; _module_preset=&#8221;default&#8221; custom_padding=&#8221;10px||30px||false|false&#8221; locked=&#8221;off&#8221; collapsed=&#8221;on&#8221; global_colors_info=&#8221;{}&#8221;][et_pb_row column_structure=&#8221;2_5,3_5&#8243; use_custom_gutter=&#8221;on&#8221; gutter_width=&#8221;2&#8243; make_equal=&#8221;on&#8221; _builder_version=&#8221;4.27.4&#8243; _module_preset=&#8221;default&#8221; global_colors_info=&#8221;{}&#8221;][et_pb_column type=&#8221;2_5&#8243; _builder_version=&#8221;4.27.4&#8243; _module_preset=&#8221;default&#8221; background_image=&#8221;https:\/\/apartmentalgarverental.com\/wp-content\/uploads\/2024\/07\/vilamoura-1.jpg&#8221; border_radii=&#8221;on|10px|10px|10px|10px&#8221; global_colors_info=&#8221;{}&#8221;][et_pb_divider show_divider=&#8221;off&#8221; _builder_version=&#8221;4.25.1&#8243; _module_preset=&#8221;default&#8221; height_tablet=&#8221;40vw&#8221; height_phone=&#8221;40vw&#8221; height_last_edited=&#8221;on|desktop&#8221; locked=&#8221;off&#8221; global_colors_info=&#8221;{}&#8221;][\/et_pb_divider][\/et_pb_column][et_pb_column type=&#8221;3_5&#8243; _builder_version=&#8221;4.21.0&#8243; _module_preset=&#8221;default&#8221; background_color=&#8221;gcid-70184d90-89dc-4d37-8a72-67bb78c7369e&#8221; custom_padding=&#8221;50px|50px|50px|50px|true|true&#8221; custom_padding_tablet=&#8221;30px|30px|30px|30px|true|true&#8221; custom_padding_phone=&#8221;20px|20px|20px|20px|true|true&#8221; custom_padding_last_edited=&#8221;on|desktop&#8221; border_radii=&#8221;on|10px|10px|10px|10px&#8221; global_colors_info=&#8221;{%22gcid-70184d90-89dc-4d37-8a72-67bb78c7369e%22:%91%22background_color%22%93}&#8221;][et_pb_text _builder_version=&#8221;4.25.1&#8243; _module_preset=&#8221;26ddfae1-4cec-4680-828a-998a32184ac5&#8243; header_3_font=&#8221;||||||||&#8221; custom_margin=&#8221;||10px||false|false&#8221; global_colors_info=&#8221;{}&#8221;]<\/p>\n<h3>Alugar um magn\u00edfico apartamento em Portugal<\/h3>\n<p>[\/et_pb_text][et_pb_text _builder_version=&#8221;4.25.1&#8243; _module_preset=&#8221;2affcd49-c645-4c35-a930-1b83fb03c324&#8243; global_colors_info=&#8221;{}&#8221;]<\/p>\n<p>Localizado em Quarteira, a 2,1 km da Praia de Vilamoura, o Edificio Alvaflor apt 316 apresenta acomoda\u00e7\u00f5es com acesso Wi-Fi gratuito, uma varanda ou terra\u00e7o e acesso a um jardim e piscina exterior. Esta acomoda\u00e7\u00e3o climatizada fica a 2,2 km da Praia de Quarteira. <\/p>\n<p>Este apartamento tem 1 quarto, 1 casa de banho, uma televis\u00e3o de ecr\u00e3 plano por cabo, uma \u00e1rea de refei\u00e7\u00f5es, uma kitchenette totalmente equipada e um terra\u00e7o com vista para a piscina. Podes desfrutar das tuas refei\u00e7\u00f5es na \u00e1rea de refei\u00e7\u00f5es exterior enquanto admiras a vista para o jardim. Para maior privacidade, a acomoda\u00e7\u00e3o tem a sua pr\u00f3pria entrada privada. Os h\u00f3spedes podem desfrutar de uma variedade de actividades em Quarteira e nos arredores, incluindo windsurf e caminhadas. O Edificio Alvaflor apt 316 fica a 2,5 km da Praia da Fal\u00e9sia e a 1,8 km da Marina de Vilamoura. O aeroporto mais pr\u00f3ximo, Faro, fica a 25 km.     <\/p>\n<p>[\/et_pb_text][\/et_pb_column][\/et_pb_row][et_pb_row column_structure=&#8221;1_5,1_5,1_5,1_5,1_5&#8243; _builder_version=&#8221;4.21.0&#8243; _module_preset=&#8221;default&#8221; locked=&#8221;off&#8221; global_colors_info=&#8221;{}&#8221;][et_pb_column type=&#8221;1_5&#8243; _builder_version=&#8221;4.21.0&#8243; _module_preset=&#8221;default&#8221; global_colors_info=&#8221;{}&#8221;][et_pb_image src=&#8221;https:\/\/apartmentalgarverental.com\/wp-content\/uploads\/2024\/06\/home-rental-10.png&#8221; title_text=&#8221;aluguer de casa-10&#8243; align=&#8221;center&#8221; _builder_version=&#8221;4.27.4&#8243; _module_preset=&#8221;default&#8221; max_width=&#8221;48px&#8221; max_height=&#8221;48px&#8221; hover_enabled=&#8221;0&#8243; global_colors_info=&#8221;{}&#8221; sticky_enabled=&#8221;0&#8243;][\/et_pb_image][et_pb_text _builder_version=&#8221;4.25.1&#8243; _module_preset=&#8221;d082a965-964e-4bcc-b128-c11691cb3699&#8243; header_6_font=&#8221;|700||on|||||&#8221; text_orientation=&#8221;center&#8221; global_colors_info=&#8221;{}&#8221;]<\/p>\n<h6>Portugal<\/h6>\n<p>[\/et_pb_text][\/et_pb_column][et_pb_column type=&#8221;1_5&#8243; _builder_version=&#8221;4.21.0&#8243; _module_preset=&#8221;default&#8221; global_colors_info=&#8221;{}&#8221;][et_pb_image src=&#8221;https:\/\/apartmentalgarverental.com\/wp-content\/uploads\/2024\/06\/home-rental-09.png&#8221; title_text=&#8221;aluguer de casa-09&#8243; align=&#8221;center&#8221; _builder_version=&#8221;4.27.4&#8243; _module_preset=&#8221;default&#8221; max_width=&#8221;48px&#8221; max_height=&#8221;48px&#8221; hover_enabled=&#8221;0&#8243; global_colors_info=&#8221;{}&#8221; sticky_enabled=&#8221;0&#8243;][\/et_pb_image][et_pb_text _builder_version=&#8221;4.27.0&#8243; _module_preset=&#8221;d082a965-964e-4bcc-b128-c11691cb3699&#8243; header_6_font=&#8221;|700||on|||||&#8221; text_orientation=&#8221;center&#8221; global_colors_info=&#8221;{}&#8221;]<\/p>\n<h6>50m2<\/h6>\n<p>[\/et_pb_text][\/et_pb_column][et_pb_column type=&#8221;1_5&#8243; _builder_version=&#8221;4.21.0&#8243; _module_preset=&#8221;default&#8221; global_colors_info=&#8221;{}&#8221;][et_pb_image src=&#8221;https:\/\/apartmentalgarverental.com\/wp-content\/uploads\/2024\/06\/home-rental-08.png&#8221; title_text=&#8221;aluguer de casa-08&#8243; align=&#8221;center&#8221; _builder_version=&#8221;4.27.4&#8243; _module_preset=&#8221;default&#8221; max_width=&#8221;48px&#8221; max_height=&#8221;48px&#8221; hover_enabled=&#8221;0&#8243; global_colors_info=&#8221;{}&#8221; sticky_enabled=&#8221;0&#8243;][\/et_pb_image][et_pb_text _builder_version=&#8221;4.25.1&#8243; _module_preset=&#8221;d082a965-964e-4bcc-b128-c11691cb3699&#8243; header_6_font=&#8221;|700||on|||||&#8221; text_orientation=&#8221;center&#8221; global_colors_info=&#8221;{}&#8221;]<\/p>\n<h6>1 quarto<\/h6>\n<p>[\/et_pb_text][\/et_pb_column][et_pb_column type=&#8221;1_5&#8243; _builder_version=&#8221;4.21.0&#8243; _module_preset=&#8221;default&#8221; global_colors_info=&#8221;{}&#8221;][et_pb_image src=&#8221;https:\/\/apartmentalgarverental.com\/wp-content\/uploads\/2024\/06\/home-rental-07.png&#8221; title_text=&#8221;aluguer de casa-07&#8243; align=&#8221;center&#8221; _builder_version=&#8221;4.27.4&#8243; _module_preset=&#8221;default&#8221; max_width=&#8221;48px&#8221; max_height=&#8221;48px&#8221; hover_enabled=&#8221;0&#8243; global_colors_info=&#8221;{}&#8221; sticky_enabled=&#8221;0&#8243;][\/et_pb_image][et_pb_text _builder_version=&#8221;4.25.1&#8243; _module_preset=&#8221;d082a965-964e-4bcc-b128-c11691cb3699&#8243; header_6_font=&#8221;|700||on|||||&#8221; text_orientation=&#8221;center&#8221; global_colors_info=&#8221;{}&#8221;]<\/p>\n<h6>1 casa de banho<\/h6>\n<p>[\/et_pb_text][\/et_pb_column][et_pb_column type=&#8221;1_5&#8243; _builder_version=&#8221;4.21.0&#8243; _module_preset=&#8221;default&#8221; global_colors_info=&#8221;{}&#8221;][et_pb_image src=&#8221;https:\/\/apartmentalgarverental.com\/wp-content\/uploads\/2024\/06\/home-rental-05-1.png&#8221; title_text=&#8221;aluguer de casa-05-1&#8243; align=&#8221;center&#8221; _builder_version=&#8221;4.27.4&#8243; _module_preset=&#8221;default&#8221; max_width=&#8221;48px&#8221; max_height=&#8221;48px&#8221; hover_enabled=&#8221;0&#8243; locked=&#8221;off&#8221; global_colors_info=&#8221;{}&#8221; sticky_enabled=&#8221;0&#8243;][\/et_pb_image][et_pb_text _builder_version=&#8221;4.25.1&#8243; _module_preset=&#8221;d082a965-964e-4bcc-b128-c11691cb3699&#8243; header_6_font=&#8221;|700||on|||||&#8221; text_orientation=&#8221;center&#8221; global_colors_info=&#8221;{}&#8221;]<\/p>\n<h6>Piscina<\/h6>\n<p>[\/et_pb_text][\/et_pb_column][\/et_pb_row][et_pb_row _builder_version=&#8221;4.22.0&#8243; _module_preset=&#8221;default&#8221; locked=&#8221;off&#8221; global_colors_info=&#8221;{}&#8221;][et_pb_column type=&#8221;4_4&#8243; _builder_version=&#8221;4.22.0&#8243; _module_preset=&#8221;default&#8221; global_colors_info=&#8221;{}&#8221;][et_pb_button button_url=&#8221;@ET-DC@eyJkeW5hbWljIjp0cnVlLCJjb250ZW50IjoiaG9tZV91cmwiLCJzZXR0aW5ncyI6W119@&#8221; button_text=&#8221;Ver todas as comodidades&#8221; button_alignment=&#8221;center&#8221; _builder_version=&#8221;4.27.2&#8243; _dynamic_attributes=&#8221;button_url&#8221; _module_preset=&#8221;6fc8c6b8-0f94-4690-b7e8-d064f474dbcc&#8221; button_font=&#8221;|700||on|||||&#8221; global_colors_info=&#8221;{}&#8221;][\/et_pb_button][\/et_pb_column][\/et_pb_row][\/et_pb_section][et_pb_section fb_built=&#8221;1&#8243; admin_label=&#8221;Call to Action&#8221; _builder_version=&#8221;4.25.1&#8243; _module_preset=&#8221;default&#8221; background_color=&#8221;gcid-3739f6af-6ec3-431f-9233-3cdc85f4270b&#8221; width=&#8221;94%&#8221; width_tablet=&#8221;80%&#8221; width_phone=&#8221;80%&#8221; width_last_edited=&#8221;on|desktop&#8221; max_width=&#8221;2000px&#8221; module_alignment=&#8221;center&#8221; custom_margin=&#8221;30px||30px||true|false&#8221; border_radii=&#8221;on|10px|10px|10px|10px&#8221; locked=&#8221;off&#8221; collapsed=&#8221;on&#8221; global_colors_info=&#8221;{%22gcid-3739f6af-6ec3-431f-9233-3cdc85f4270b%22:%91%22background_color%22%93}&#8221;][et_pb_row _builder_version=&#8221;4.21.0&#8243; _module_preset=&#8221;default&#8221; max_width=&#8221;800px&#8221; global_colors_info=&#8221;{}&#8221;][et_pb_column type=&#8221;4_4&#8243; _builder_version=&#8221;4.21.0&#8243; _module_preset=&#8221;default&#8221; global_colors_info=&#8221;{}&#8221;][et_pb_text _builder_version=&#8221;4.25.1&#8243; _module_preset=&#8221;86872c55-9fc0-45f2-b765-fcd9d10e53a0&#8243; header_2_font=&#8221;||||||||&#8221; header_2_text_color=&#8221;#FFFFFF&#8221; text_orientation=&#8221;center&#8221; custom_margin=&#8221;||10px||false|false&#8221; locked=&#8221;off&#8221; global_colors_info=&#8221;{}&#8221;]<\/p>\n<h2>Estadias de longa dura\u00e7\u00e3o<\/h2>\n<p>[\/et_pb_text][et_pb_text _builder_version=&#8221;4.21.0&#8243; _module_preset=&#8221;2affcd49-c645-4c35-a930-1b83fb03c324&#8243; text_text_color=&#8221;#FFFFFF&#8221; text_orientation=&#8221;center&#8221; locked=&#8221;off&#8221; global_colors_info=&#8221;{}&#8221;]<\/p>\n<p>Concede um desconto de 10-15% para estadias de um m\u00eas ou mais. Para mais informa\u00e7\u00f5es, contacta-nos diretamente. <\/p>\n<p>[\/et_pb_text][et_pb_button button_url=&#8221;@ET-DC@eyJkeW5hbWljIjp0cnVlLCJjb250ZW50IjoicG9zdF9saW5rX3VybF9wYWdlIiwic2V0dGluZ3MiOnsicG9zdF9pZCI6IjI4OTExIn19@&#8221; button_text=&#8221;Livro&#8221; button_alignment=&#8221;center&#8221; _builder_version=&#8221;4.27.2&#8243; _dynamic_attributes=&#8221;button_url&#8221; _module_preset=&#8221;8b1da2dc-dae5-44ae-bcda-6df42f24ac92&#8243; button_font=&#8221;|700||on|||||&#8221; locked=&#8221;off&#8221; global_colors_info=&#8221;{}&#8221;][\/et_pb_button][\/et_pb_column][\/et_pb_row][\/et_pb_section]<\/p>\n","protected":false},"excerpt":{"rendered":"<p>NO CORA\u00c7\u00c3O DO ALGARVEActividades de lazerAlugar um magn\u00edfico apartamento em PortugalLocalizado em Quarteira, a 2,1 km da Praia de Vilamoura, o Edificio Alvaflor apt 316 apresenta acomoda\u00e7\u00f5es com acesso Wi-Fi gratuito, uma varanda ou terra\u00e7o e acesso a um jardim e piscina exterior. Esta acomoda\u00e7\u00e3o climatizada fica a 2,2 km da Praia de Quarteira. Este [&hellip;]<\/p>\n","protected":false},"author":1,"featured_media":0,"parent":0,"menu_order":0,"comment_status":"closed","ping_status":"closed","template":"","meta":{"_et_pb_use_builder":"on","_et_pb_old_content":"","_et_gb_content_width":"","footnotes":""},"class_list":["post-29342","page","type-page","status-publish","hentry"],"yoast_head":"<!-- This site is optimized with the Yoast SEO plugin v27.4 - https:\/\/yoast.com\/product\/yoast-seo-wordpress\/ -->\n<title>Actividades no Algarve - Lazer &amp; Excurs\u00f5es | - Apartment Algarve Rental<\/title>\n<meta name=\"description\" content=\"Explora as melhores actividades no Algarve: praias, desportos aqu\u00e1ticos, caminhadas e excurs\u00f5es. Planeia as tuas actividades de lazer para umas f\u00e9rias memor\u00e1veis.\" \/>\n<meta name=\"robots\" content=\"index, follow, max-snippet:-1, max-image-preview:large, max-video-preview:-1\" \/>\n<link rel=\"canonical\" href=\"https:\/\/apartmentalgarverental.com\/pt-pt\/actividades\/\" \/>\n<meta property=\"og:locale\" content=\"pt_PT\" \/>\n<meta property=\"og:type\" content=\"article\" \/>\n<meta property=\"og:title\" content=\"Actividades no Algarve - Lazer &amp; Excurs\u00f5es | - Apartment Algarve Rental\" \/>\n<meta property=\"og:description\" content=\"Explora as melhores actividades no Algarve: praias, desportos aqu\u00e1ticos, caminhadas e excurs\u00f5es. Planeia as tuas actividades de lazer para umas f\u00e9rias memor\u00e1veis.\" \/>\n<meta property=\"og:url\" content=\"https:\/\/apartmentalgarverental.com\/pt-pt\/actividades\/\" \/>\n<meta property=\"og:site_name\" content=\"Apartment Algarve Rental\" \/>\n<meta property=\"article:modified_time\" content=\"2025-04-20T14:13:27+00:00\" \/>\n<meta name=\"twitter:card\" content=\"summary_large_image\" \/>\n<meta name=\"twitter:label1\" content=\"Tempo estimado de leitura\" \/>\n\t<meta name=\"twitter:data1\" content=\"7 minutos\" \/>\n<script type=\"application\/ld+json\" class=\"yoast-schema-graph\">{\"@context\":\"https:\\\/\\\/schema.org\",\"@graph\":[{\"@type\":\"WebPage\",\"@id\":\"https:\\\/\\\/apartmentalgarverental.com\\\/pt-pt\\\/actividades\\\/\",\"url\":\"https:\\\/\\\/apartmentalgarverental.com\\\/pt-pt\\\/actividades\\\/\",\"name\":\"Actividades no Algarve - Lazer & Excurs\u00f5es | - Apartment Algarve Rental\",\"isPartOf\":{\"@id\":\"https:\\\/\\\/apartmentalgarverental.com\\\/pt-pt\\\/#website\"},\"datePublished\":\"2024-06-02T11:17:51+00:00\",\"dateModified\":\"2025-04-20T14:13:27+00:00\",\"description\":\"Explora as melhores actividades no Algarve: praias, desportos aqu\u00e1ticos, caminhadas e excurs\u00f5es. Planeia as tuas actividades de lazer para umas f\u00e9rias memor\u00e1veis.\",\"breadcrumb\":{\"@id\":\"https:\\\/\\\/apartmentalgarverental.com\\\/pt-pt\\\/actividades\\\/#breadcrumb\"},\"inLanguage\":\"pt-PT\",\"potentialAction\":[{\"@type\":\"ReadAction\",\"target\":[\"https:\\\/\\\/apartmentalgarverental.com\\\/pt-pt\\\/actividades\\\/\"]}]},{\"@type\":\"BreadcrumbList\",\"@id\":\"https:\\\/\\\/apartmentalgarverental.com\\\/pt-pt\\\/actividades\\\/#breadcrumb\",\"itemListElement\":[{\"@type\":\"ListItem\",\"position\":1,\"name\":\"Accueil\",\"item\":\"https:\\\/\\\/apartmentalgarverental.com\\\/pt-pt\\\/propriedade\\\/\"},{\"@type\":\"ListItem\",\"position\":2,\"name\":\"Actividades\"}]},{\"@type\":\"WebSite\",\"@id\":\"https:\\\/\\\/apartmentalgarverental.com\\\/pt-pt\\\/#website\",\"url\":\"https:\\\/\\\/apartmentalgarverental.com\\\/pt-pt\\\/\",\"name\":\"Apartment Algarve Rental\",\"description\":\"\",\"publisher\":{\"@id\":\"https:\\\/\\\/apartmentalgarverental.com\\\/pt-pt\\\/#organization\"},\"potentialAction\":[{\"@type\":\"SearchAction\",\"target\":{\"@type\":\"EntryPoint\",\"urlTemplate\":\"https:\\\/\\\/apartmentalgarverental.com\\\/pt-pt\\\/?s={search_term_string}\"},\"query-input\":{\"@type\":\"PropertyValueSpecification\",\"valueRequired\":true,\"valueName\":\"search_term_string\"}}],\"inLanguage\":\"pt-PT\"},{\"@type\":\"Organization\",\"@id\":\"https:\\\/\\\/apartmentalgarverental.com\\\/pt-pt\\\/#organization\",\"name\":\"Apartment Algarve Rental\",\"url\":\"https:\\\/\\\/apartmentalgarverental.com\\\/pt-pt\\\/\",\"logo\":{\"@type\":\"ImageObject\",\"inLanguage\":\"pt-PT\",\"@id\":\"https:\\\/\\\/apartmentalgarverental.com\\\/pt-pt\\\/#\\\/schema\\\/logo\\\/image\\\/\",\"url\":\"https:\\\/\\\/apartmentalgarverental.com\\\/wp-content\\\/uploads\\\/2025\\\/04\\\/Mouta-apartments-e1745062593895.png\",\"contentUrl\":\"https:\\\/\\\/apartmentalgarverental.com\\\/wp-content\\\/uploads\\\/2025\\\/04\\\/Mouta-apartments-e1745062593895.png\",\"width\":500,\"height\":230,\"caption\":\"Apartment Algarve Rental\"},\"image\":{\"@id\":\"https:\\\/\\\/apartmentalgarverental.com\\\/pt-pt\\\/#\\\/schema\\\/logo\\\/image\\\/\"}}]}<\/script>\n<!-- \/ Yoast SEO plugin. -->","yoast_head_json":{"title":"Actividades no Algarve - Lazer & Excurs\u00f5es | - Apartment Algarve Rental","description":"Explora as melhores actividades no Algarve: praias, desportos aqu\u00e1ticos, caminhadas e excurs\u00f5es. Planeia as tuas actividades de lazer para umas f\u00e9rias memor\u00e1veis.","robots":{"index":"index","follow":"follow","max-snippet":"max-snippet:-1","max-image-preview":"max-image-preview:large","max-video-preview":"max-video-preview:-1"},"canonical":"https:\/\/apartmentalgarverental.com\/pt-pt\/actividades\/","og_locale":"pt_PT","og_type":"article","og_title":"Actividades no Algarve - Lazer & Excurs\u00f5es | - Apartment Algarve Rental","og_description":"Explora as melhores actividades no Algarve: praias, desportos aqu\u00e1ticos, caminhadas e excurs\u00f5es. Planeia as tuas actividades de lazer para umas f\u00e9rias memor\u00e1veis.","og_url":"https:\/\/apartmentalgarverental.com\/pt-pt\/actividades\/","og_site_name":"Apartment Algarve Rental","article_modified_time":"2025-04-20T14:13:27+00:00","twitter_card":"summary_large_image","twitter_misc":{"Tempo estimado de leitura":"7 minutos"},"schema":{"@context":"https:\/\/schema.org","@graph":[{"@type":"WebPage","@id":"https:\/\/apartmentalgarverental.com\/pt-pt\/actividades\/","url":"https:\/\/apartmentalgarverental.com\/pt-pt\/actividades\/","name":"Actividades no Algarve - Lazer & Excurs\u00f5es | - Apartment Algarve Rental","isPartOf":{"@id":"https:\/\/apartmentalgarverental.com\/pt-pt\/#website"},"datePublished":"2024-06-02T11:17:51+00:00","dateModified":"2025-04-20T14:13:27+00:00","description":"Explora as melhores actividades no Algarve: praias, desportos aqu\u00e1ticos, caminhadas e excurs\u00f5es. Planeia as tuas actividades de lazer para umas f\u00e9rias memor\u00e1veis.","breadcrumb":{"@id":"https:\/\/apartmentalgarverental.com\/pt-pt\/actividades\/#breadcrumb"},"inLanguage":"pt-PT","potentialAction":[{"@type":"ReadAction","target":["https:\/\/apartmentalgarverental.com\/pt-pt\/actividades\/"]}]},{"@type":"BreadcrumbList","@id":"https:\/\/apartmentalgarverental.com\/pt-pt\/actividades\/#breadcrumb","itemListElement":[{"@type":"ListItem","position":1,"name":"Accueil","item":"https:\/\/apartmentalgarverental.com\/pt-pt\/propriedade\/"},{"@type":"ListItem","position":2,"name":"Actividades"}]},{"@type":"WebSite","@id":"https:\/\/apartmentalgarverental.com\/pt-pt\/#website","url":"https:\/\/apartmentalgarverental.com\/pt-pt\/","name":"Apartment Algarve Rental","description":"","publisher":{"@id":"https:\/\/apartmentalgarverental.com\/pt-pt\/#organization"},"potentialAction":[{"@type":"SearchAction","target":{"@type":"EntryPoint","urlTemplate":"https:\/\/apartmentalgarverental.com\/pt-pt\/?s={search_term_string}"},"query-input":{"@type":"PropertyValueSpecification","valueRequired":true,"valueName":"search_term_string"}}],"inLanguage":"pt-PT"},{"@type":"Organization","@id":"https:\/\/apartmentalgarverental.com\/pt-pt\/#organization","name":"Apartment Algarve Rental","url":"https:\/\/apartmentalgarverental.com\/pt-pt\/","logo":{"@type":"ImageObject","inLanguage":"pt-PT","@id":"https:\/\/apartmentalgarverental.com\/pt-pt\/#\/schema\/logo\/image\/","url":"https:\/\/apartmentalgarverental.com\/wp-content\/uploads\/2025\/04\/Mouta-apartments-e1745062593895.png","contentUrl":"https:\/\/apartmentalgarverental.com\/wp-content\/uploads\/2025\/04\/Mouta-apartments-e1745062593895.png","width":500,"height":230,"caption":"Apartment Algarve Rental"},"image":{"@id":"https:\/\/apartmentalgarverental.com\/pt-pt\/#\/schema\/logo\/image\/"}}]}},"_links":{"self":[{"href":"https:\/\/apartmentalgarverental.com\/pt-pt\/wp-json\/wp\/v2\/pages\/29342","targetHints":{"allow":["GET"]}}],"collection":[{"href":"https:\/\/apartmentalgarverental.com\/pt-pt\/wp-json\/wp\/v2\/pages"}],"about":[{"href":"https:\/\/apartmentalgarverental.com\/pt-pt\/wp-json\/wp\/v2\/types\/page"}],"author":[{"embeddable":true,"href":"https:\/\/apartmentalgarverental.com\/pt-pt\/wp-json\/wp\/v2\/users\/1"}],"replies":[{"embeddable":true,"href":"https:\/\/apartmentalgarverental.com\/pt-pt\/wp-json\/wp\/v2\/comments?post=29342"}],"version-history":[{"count":1,"href":"https:\/\/apartmentalgarverental.com\/pt-pt\/wp-json\/wp\/v2\/pages\/29342\/revisions"}],"predecessor-version":[{"id":29349,"href":"https:\/\/apartmentalgarverental.com\/pt-pt\/wp-json\/wp\/v2\/pages\/29342\/revisions\/29349"}],"wp:attachment":[{"href":"https:\/\/apartmentalgarverental.com\/pt-pt\/wp-json\/wp\/v2\/media?parent=29342"}],"curies":[{"name":"wp","href":"https:\/\/api.w.org\/{rel}","templated":true}]}}