{"id":29327,"date":"2024-07-13T15:17:02","date_gmt":"2024-07-13T13:17:02","guid":{"rendered":"https:\/\/apartmentalgarverental.com\/faq\/"},"modified":"2025-04-20T16:13:26","modified_gmt":"2025-04-20T14:13:26","slug":"faq","status":"publish","type":"page","link":"https:\/\/apartmentalgarverental.com\/pt-pt\/faq\/","title":{"rendered":"FAQ"},"content":{"rendered":"<p>[et_pb_section fb_built=&#8221;1&#8243; _builder_version=&#8221;4.26.1&#8243; _module_preset=&#8221;default&#8221; custom_padding=&#8221;10px||29px||false|false&#8221; global_colors_info=&#8221;{}&#8221;][et_pb_row _builder_version=&#8221;4.21.0&#8243; _module_preset=&#8221;default&#8221; locked=&#8221;off&#8221; global_colors_info=&#8221;{}&#8221;][et_pb_column type=&#8221;4_4&#8243; _builder_version=&#8221;4.21.0&#8243; _module_preset=&#8221;default&#8221; global_colors_info=&#8221;{}&#8221;][et_pb_text _builder_version=&#8221;4.25.1&#8243; _module_preset=&#8221;335c2db7-37a9-4c22-9df6-40135d673ee3&#8243; header_font=&#8221;||||||||&#8221; text_orientation=&#8221;center&#8221; global_colors_info=&#8221;{}&#8221;]<\/p>\n<h1>FAQ<\/h1>\n<p>[\/et_pb_text][\/et_pb_column][\/et_pb_row][et_pb_row _builder_version=&#8221;4.26.1&#8243; _module_preset=&#8221;default&#8221; global_colors_info=&#8221;{}&#8221;][et_pb_column type=&#8221;4_4&#8243; _builder_version=&#8221;4.26.1&#8243; _module_preset=&#8221;default&#8221; global_colors_info=&#8221;{}&#8221;][et_pb_accordion open_toggle_text_color=&#8221;#4682b4&#8243; _builder_version=&#8221;4.27.4&#8243; _module_preset=&#8221;default&#8221; toggle_text_color=&#8221;#4682b4&#8243; toggle_level=&#8221;h4&#8243; toggle_font=&#8221;|600|||||||&#8221; hover_enabled=&#8221;0&#8243; global_colors_info=&#8221;{}&#8221; sticky_enabled=&#8221;0&#8243;][et_pb_accordion_item title=&#8221;1. Como \u00e9 que recupero as minhas chaves planas?&#8221; open=&#8221;on&#8221; _builder_version=&#8221;4.27.4&#8243; _module_preset=&#8221;default&#8221; hover_enabled=&#8221;0&#8243; global_colors_info=&#8221;{}&#8221; sticky_enabled=&#8221;0&#8243;]<\/p>\n<p>Podes levantar as chaves junto do Sandro Mouta na seguinte morada: Volta da Gar\u00e7a-vermelha, Vilamoura, 8125-502 Quarteira, Portugal. Por favor, traz um comprovativo de identidade e a confirma\u00e7\u00e3o da reserva. O escrit\u00f3rio est\u00e1 aberto das 9:00 \u00e0s 18:00 horas de segunda a sexta-feira e das 10:00 \u00e0s 16:00 horas aos s\u00e1bados. Encerra aos domingos.   <\/p>\n<p>[\/et_pb_accordion_item][et_pb_accordion_item title=&#8221;2. A que horas posso chegar e a que horas tenho de sair?&#8221; _builder_version=&#8221;4.26.1&#8243; _module_preset=&#8221;default&#8221; global_colors_info=&#8221;{}&#8221; open=&#8221;off&#8221;]<\/p>\n<p>A hora de chegada \u00e9 a partir das 15 horas e a hora de partida \u00e9 antes das 11 horas. Se precisares de alterar estas horas, contacta-nos com anteced\u00eancia e faremos o nosso melhor para te acomodar. <\/p>\n<p>[\/et_pb_accordion_item][et_pb_accordion_item title=&#8221;3. Tens estacionamento dispon\u00edvel?&#8221; _builder_version=&#8221;4.26.1&#8243; _module_preset=&#8221;default&#8221; global_colors_info=&#8221;{}&#8221; open=&#8221;off&#8221;]<\/p>\n<p>Sim, tens estacionamento dispon\u00edvel para os nossos h\u00f3spedes. Por favor, avisa-nos com anteced\u00eancia se necessitas de estacionamento para que possamos reservar um lugar para ti. <\/p>\n<p>[\/et_pb_accordion_item][et_pb_accordion_item title=&#8221;4. O apartamento tem Wi-Fi?&#8221; _builder_version=&#8221;4.26.1&#8243; _module_preset=&#8221;default&#8221; global_colors_info=&#8221;{}&#8221; open=&#8221;off&#8221;]<\/p>\n<p>Sim, o Wi-Fi est\u00e1 dispon\u00edvel gratuitamente no apartamento. O nome da rede e a palavra-passe podem ser encontrados no folheto de boas-vindas \u00e0 chegada. <\/p>\n<p>[\/et_pb_accordion_item][et_pb_accordion_item title=&#8221;5. Os len\u00e7\u00f3is e as toalhas s\u00e3o fornecidos?&#8221; _builder_version=&#8221;4.26.1&#8243; _module_preset=&#8221;default&#8221; global_colors_info=&#8221;{}&#8221; open=&#8221;off&#8221;]<\/p>\n<p>Sim, fornecemos roupa de cama e toalhas a todos os nossos h\u00f3spedes. Se precisares de mais toalhas, por favor, avisa-nos. <\/p>\n<p>[\/et_pb_accordion_item][et_pb_accordion_item title=&#8221;6. Posso fumar no apartamento?&#8221; _builder_version=&#8221;4.26.1&#8243; _module_preset=&#8221;default&#8221; global_colors_info=&#8221;{}&#8221; open=&#8221;off&#8221;]<\/p>\n<p>\u00c9 estritamente proibido fumar no interior do apartamento. Existe uma \u00e1rea para fumadores no exterior do edif\u00edcio. <\/p>\n<p>[\/et_pb_accordion_item][et_pb_accordion_item title=&#8221;7. S\u00e3o permitidos animais de estima\u00e7\u00e3o?&#8221; _builder_version=&#8221;4.26.1&#8243; _module_preset=&#8221;default&#8221; global_colors_info=&#8221;{}&#8221; open=&#8221;off&#8221;]<\/p>\n<p>N\u00e3o s\u00e3o permitidos animais de estima\u00e7\u00e3o, salvo acordo pr\u00e9vio. Por favor, contacta-nos para discutir poss\u00edveis excep\u00e7\u00f5es. <\/p>\n<p>[\/et_pb_accordion_item][et_pb_accordion_item title=&#8221;8. O que devo fazer se tiver um problema com o apartamento?&#8221; _builder_version=&#8221;4.26.1&#8243; _module_preset=&#8221;default&#8221; global_colors_info=&#8221;{}&#8221; open=&#8221;off&#8221;]<\/p>\n<p>Em caso de problema, contacta-nos imediatamente. Faremos o nosso melhor para resolver o problema o mais rapidamente poss\u00edvel. <\/p>\n<p>[\/et_pb_accordion_item][et_pb_accordion_item title=&#8221;9. Onde posso depositar os meus res\u00edduos?&#8221; _builder_version=&#8221;4.26.1&#8243; _module_preset=&#8221;default&#8221; global_colors_info=&#8221;{}&#8221; open=&#8221;off&#8221;]<\/p>\n<p>Existem caixotes de recolha na cozinha para os res\u00edduos recicl\u00e1veis e n\u00e3o recicl\u00e1veis. Os contentores principais est\u00e3o situados no exterior do edif\u00edcio. <\/p>\n<p>[\/et_pb_accordion_item][et_pb_accordion_item title=&#8221;10. O que \u00e9 que eu fa\u00e7o se perder as minhas chaves?&#8221; _builder_version=&#8221;4.26.1&#8243; _module_preset=&#8221;default&#8221; global_colors_info=&#8221;{}&#8221; open=&#8221;off&#8221;]<\/p>\n<p>Se perderes as tuas chaves, contacta-nos imediatamente. A substitui\u00e7\u00e3o das chaves ter\u00e1 um custo adicional. <\/p>\n<p>[\/et_pb_accordion_item][et_pb_accordion_item title=&#8221;11. Como posso obter recomenda\u00e7\u00f5es de restaurantes e actividades locais?&#8221; _builder_version=&#8221;4.26.1&#8243; _module_preset=&#8221;default&#8221; global_colors_info=&#8221;{}&#8221; open=&#8221;off&#8221;]<\/p>\n<p>No apartamento, tens \u00e0 tua disposi\u00e7\u00e3o uma brochura de boas-vindas com recomenda\u00e7\u00f5es de restaurantes, actividades e locais de interesse. Podes tamb\u00e9m contactar-nos para obteres sugest\u00f5es personalizadas. <\/p>\n<p>[\/et_pb_accordion_item][et_pb_accordion_item title=&#8221;12. Existem regras espec\u00edficas a respeitar durante a minha estadia?&#8221; _builder_version=&#8221;4.26.1&#8243; _module_preset=&#8221;default&#8221; global_colors_info=&#8221;{}&#8221; open=&#8221;off&#8221;]<\/p>\n<p>Sim, pedimos-te que respeites as seguintes regras: mant\u00e9m o apartamento limpo, evita a polui\u00e7\u00e3o sonora, n\u00e3o fumes no interior e comunica imediatamente qualquer dano.<\/p>\n<p>[\/et_pb_accordion_item][et_pb_accordion_item title=&#8221;13. A limpeza est\u00e1 inclu\u00edda no aluguer?&#8221; _builder_version=&#8221;4.26.1&#8243; _module_preset=&#8221;default&#8221; global_colors_info=&#8221;{}&#8221; open=&#8221;off&#8221;]<\/p>\n<p>Sim, a limpeza de fim de estadia est\u00e1 inclu\u00edda. No entanto, pedimos-te que deixes o apartamento num estado razoavelmente limpo. A pedido, podes solicitar um servi\u00e7o de limpeza adicional, que tem um custo adicional.  <\/p>\n<p>[\/et_pb_accordion_item][et_pb_accordion_item title=&#8221;14. H\u00e1 equipamento para beb\u00e9s dispon\u00edvel?&#8221; _builder_version=&#8221;4.26.1&#8243; _module_preset=&#8221;default&#8221; global_colors_info=&#8221;{}&#8221; open=&#8221;off&#8221;]<\/p>\n<p>Sim, podemos fornecer equipamento para beb\u00e9s, como um ber\u00e7o e uma cadeira alta. Por favor, avisa-nos com anteced\u00eancia se precisares deles. <\/p>\n<p>[\/et_pb_accordion_item][et_pb_accordion_item title=&#8221;15. Posso convidar visitantes durante a minha estadia?&#8221; _builder_version=&#8221;4.26.1&#8243; _module_preset=&#8221;default&#8221; global_colors_info=&#8221;{}&#8221; open=&#8221;off&#8221;]<\/p>\n<p>Podes convidar visitantes, mas respeita a capacidade m\u00e1xima do apartamento. Se estiveres a planear uma reuni\u00e3o ou uma festa, por favor informa-nos com anteced\u00eancia. <\/p>\n<p>[\/et_pb_accordion_item][et_pb_accordion_item title=&#8221;16. Como \u00e9 que posso prolongar a minha estadia?&#8221; _builder_version=&#8221;4.26.1&#8243; _module_preset=&#8221;default&#8221; global_colors_info=&#8221;{}&#8221; open=&#8221;off&#8221;]<\/p>\n<p>Se desejares prolongar a tua estadia, contacta-nos o mais rapidamente poss\u00edvel. Verificaremos a disponibilidade e informar-te-emos sobre as tarifas e condi\u00e7\u00f5es. <\/p>\n<p>[\/et_pb_accordion_item][et_pb_accordion_item title=&#8221;17. H\u00e1 uma lavandaria no apartamento?&#8221; _builder_version=&#8221;4.26.1&#8243; _module_preset=&#8221;default&#8221; global_colors_info=&#8221;{}&#8221; open=&#8221;off&#8221;]<\/p>\n<p>Sim, o apartamento disp\u00f5e de uma m\u00e1quina de lavar roupa. As instru\u00e7\u00f5es para a sua utiliza\u00e7\u00e3o s\u00e3o fornecidas no folheto de boas-vindas. <\/p>\n<p>[\/et_pb_accordion_item][et_pb_accordion_item title=&#8221;18. Como \u00e9 que posso pagar o saldo da minha reserva?&#8221; _builder_version=&#8221;4.26.1&#8243; _module_preset=&#8221;default&#8221; global_colors_info=&#8221;{}&#8221; open=&#8221;off&#8221;]<\/p>\n<p>O saldo da tua reserva pode ser pago por cart\u00e3o de cr\u00e9dito, transfer\u00eancia banc\u00e1ria ou em dinheiro \u00e0 chegada. Por favor, contacta-nos para mais informa\u00e7\u00f5es. <\/p>\n<p>[\/et_pb_accordion_item][et_pb_accordion_item title=&#8221;19. Tens televis\u00e3o e que servi\u00e7os est\u00e3o dispon\u00edveis?&#8221; _builder_version=&#8221;4.26.1&#8243; _module_preset=&#8221;default&#8221; global_colors_info=&#8221;{}&#8221; open=&#8221;off&#8221;]<\/p>\n<p>Sim, o apartamento est\u00e1 equipado com uma televis\u00e3o. Oferecemos-te tamb\u00e9m servi\u00e7os de streaming como o Netflix e o Amazon Prime. As instru\u00e7\u00f5es para aceder a estes servi\u00e7os est\u00e3o dispon\u00edveis no folheto de boas-vindas.  <\/p>\n<p>[\/et_pb_accordion_item][et_pb_accordion_item title=&#8221;20. O que fazer numa emerg\u00eancia m\u00e9dica&#8221; _builder_version=&#8221;4.26.1&#8243; _module_preset=&#8221;default&#8221; global_colors_info=&#8221;{}&#8221; open=&#8221;off&#8221;]<\/p>\n<p>Em caso de emerg\u00eancia m\u00e9dica, liga 112 para os servi\u00e7os de emerg\u00eancia. Os hospitais e cl\u00ednicas mais pr\u00f3ximos est\u00e3o indicados no folheto de boas-vindas. <\/p>\n<p>[\/et_pb_accordion_item][\/et_pb_accordion][et_pb_text _builder_version=&#8221;4.27.4&#8243; _module_preset=&#8221;default&#8221; global_colors_info=&#8221;{}&#8221;]<\/p>\n<p>Se tiveres mais alguma d\u00favida ou precisares de ajuda, n\u00e3o hesites em contactar-nos. Estamos aqui para te ajudar a ter uma \u00f3ptima estadia. <\/p>\n<p>&nbsp;<\/p>\n<p>Com os melhores cumprimentos<\/p>\n<p>Aluguer de apartamentos no Algarve<\/p>\n<p><img loading=\"lazy\" decoding=\"async\" src=\"https:\/\/apartmentalgarverental.com\/wp-content\/uploads\/2025\/04\/Mouta-apartments-e1745062593895.png\" width=\"500\" height=\"230\" alt=\"Log\u00f3tipo\" class=\"wp-image-29178 alignnone size-full\" srcset=\"https:\/\/apartmentalgarverental.com\/wp-content\/uploads\/2025\/04\/Mouta-apartments-e1745062593895.png 500w, https:\/\/apartmentalgarverental.com\/wp-content\/uploads\/2025\/04\/Mouta-apartments-e1745062593895-480x230.png 480w\" sizes=\"(min-width: 0px) and (max-width: 480px) 480px, (min-width: 481px) 500px, 100vw\" \/><\/p>\n<p>[\/et_pb_text][\/et_pb_column][\/et_pb_row][\/et_pb_section]<\/p>\n","protected":false},"excerpt":{"rendered":"<p>FAQPodes levantar as chaves junto do Sandro Mouta na seguinte morada: Volta da Gar\u00e7a-vermelha, Vilamoura, 8125-502 Quarteira, Portugal. Por favor, traz um comprovativo de identidade e a confirma\u00e7\u00e3o da reserva. O escrit\u00f3rio est\u00e1 aberto das 9:00 \u00e0s 18:00 horas de segunda a sexta-feira e das 10:00 \u00e0s 16:00 horas aos s\u00e1bados. Encerra aos domingos. A [&hellip;]<\/p>\n","protected":false},"author":1,"featured_media":0,"parent":0,"menu_order":0,"comment_status":"closed","ping_status":"closed","template":"","meta":{"_et_pb_use_builder":"on","_et_pb_old_content":"","_et_gb_content_width":"","footnotes":""},"class_list":["post-29327","page","type-page","status-publish","hentry"],"yoast_head":"<!-- This site is optimized with the Yoast SEO plugin v27.4 - https:\/\/yoast.com\/product\/yoast-seo-wordpress\/ -->\n<title>FAQ - Apartment Algarve Rental<\/title>\n<meta name=\"description\" content=\"Consulta as nossas FAQ para encontrares as respostas \u00e0s tuas perguntas sobre o aluguer de apartamentos no Algarve, reservas, pagamentos e servi\u00e7os.\" \/>\n<meta name=\"robots\" content=\"index, follow, max-snippet:-1, max-image-preview:large, max-video-preview:-1\" \/>\n<link rel=\"canonical\" href=\"https:\/\/apartmentalgarverental.com\/pt-pt\/faq\/\" \/>\n<meta property=\"og:locale\" content=\"pt_PT\" \/>\n<meta property=\"og:type\" content=\"article\" \/>\n<meta property=\"og:title\" content=\"FAQ - Apartment Algarve Rental\" \/>\n<meta property=\"og:description\" content=\"Consulta as nossas FAQ para encontrares as respostas \u00e0s tuas perguntas sobre o aluguer de apartamentos no Algarve, reservas, pagamentos e servi\u00e7os.\" \/>\n<meta property=\"og:url\" content=\"https:\/\/apartmentalgarverental.com\/pt-pt\/faq\/\" \/>\n<meta property=\"og:site_name\" content=\"Apartment Algarve Rental\" \/>\n<meta property=\"article:modified_time\" content=\"2025-04-20T14:13:26+00:00\" \/>\n<meta property=\"og:image\" content=\"https:\/\/apartmentalgarverental.com\/wp-content\/uploads\/2025\/04\/Mouta-apartments-e1745062593895.png\" \/>\n\t<meta property=\"og:image:width\" content=\"500\" \/>\n\t<meta property=\"og:image:height\" content=\"230\" \/>\n\t<meta property=\"og:image:type\" content=\"image\/png\" \/>\n<meta name=\"twitter:card\" content=\"summary_large_image\" \/>\n<meta name=\"twitter:label1\" content=\"Tempo estimado de leitura\" \/>\n\t<meta name=\"twitter:data1\" content=\"6 minutos\" \/>\n<script type=\"application\/ld+json\" class=\"yoast-schema-graph\">{\"@context\":\"https:\\\/\\\/schema.org\",\"@graph\":[{\"@type\":\"WebPage\",\"@id\":\"https:\\\/\\\/apartmentalgarverental.com\\\/pt-pt\\\/faq\\\/\",\"url\":\"https:\\\/\\\/apartmentalgarverental.com\\\/pt-pt\\\/faq\\\/\",\"name\":\"FAQ - Apartment Algarve Rental\",\"isPartOf\":{\"@id\":\"https:\\\/\\\/apartmentalgarverental.com\\\/pt-pt\\\/#website\"},\"primaryImageOfPage\":{\"@id\":\"https:\\\/\\\/apartmentalgarverental.com\\\/pt-pt\\\/faq\\\/#primaryimage\"},\"image\":{\"@id\":\"https:\\\/\\\/apartmentalgarverental.com\\\/pt-pt\\\/faq\\\/#primaryimage\"},\"thumbnailUrl\":\"https:\\\/\\\/apartmentalgarverental.com\\\/wp-content\\\/uploads\\\/2025\\\/04\\\/Mouta-apartments-e1745062593895.png\",\"datePublished\":\"2024-07-13T13:17:02+00:00\",\"dateModified\":\"2025-04-20T14:13:26+00:00\",\"description\":\"Consulta as nossas FAQ para encontrares as respostas \u00e0s tuas perguntas sobre o aluguer de apartamentos no Algarve, reservas, pagamentos e servi\u00e7os.\",\"breadcrumb\":{\"@id\":\"https:\\\/\\\/apartmentalgarverental.com\\\/pt-pt\\\/faq\\\/#breadcrumb\"},\"inLanguage\":\"pt-PT\",\"potentialAction\":[{\"@type\":\"ReadAction\",\"target\":[\"https:\\\/\\\/apartmentalgarverental.com\\\/pt-pt\\\/faq\\\/\"]}]},{\"@type\":\"ImageObject\",\"inLanguage\":\"pt-PT\",\"@id\":\"https:\\\/\\\/apartmentalgarverental.com\\\/pt-pt\\\/faq\\\/#primaryimage\",\"url\":\"https:\\\/\\\/apartmentalgarverental.com\\\/wp-content\\\/uploads\\\/2025\\\/04\\\/Mouta-apartments-e1745062593895.png\",\"contentUrl\":\"https:\\\/\\\/apartmentalgarverental.com\\\/wp-content\\\/uploads\\\/2025\\\/04\\\/Mouta-apartments-e1745062593895.png\"},{\"@type\":\"BreadcrumbList\",\"@id\":\"https:\\\/\\\/apartmentalgarverental.com\\\/pt-pt\\\/faq\\\/#breadcrumb\",\"itemListElement\":[{\"@type\":\"ListItem\",\"position\":1,\"name\":\"Accueil\",\"item\":\"https:\\\/\\\/apartmentalgarverental.com\\\/pt-pt\\\/propriedade\\\/\"},{\"@type\":\"ListItem\",\"position\":2,\"name\":\"FAQ\"}]},{\"@type\":\"WebSite\",\"@id\":\"https:\\\/\\\/apartmentalgarverental.com\\\/pt-pt\\\/#website\",\"url\":\"https:\\\/\\\/apartmentalgarverental.com\\\/pt-pt\\\/\",\"name\":\"Apartment Algarve Rental\",\"description\":\"\",\"publisher\":{\"@id\":\"https:\\\/\\\/apartmentalgarverental.com\\\/pt-pt\\\/#organization\"},\"potentialAction\":[{\"@type\":\"SearchAction\",\"target\":{\"@type\":\"EntryPoint\",\"urlTemplate\":\"https:\\\/\\\/apartmentalgarverental.com\\\/pt-pt\\\/?s={search_term_string}\"},\"query-input\":{\"@type\":\"PropertyValueSpecification\",\"valueRequired\":true,\"valueName\":\"search_term_string\"}}],\"inLanguage\":\"pt-PT\"},{\"@type\":\"Organization\",\"@id\":\"https:\\\/\\\/apartmentalgarverental.com\\\/pt-pt\\\/#organization\",\"name\":\"Apartment Algarve Rental\",\"url\":\"https:\\\/\\\/apartmentalgarverental.com\\\/pt-pt\\\/\",\"logo\":{\"@type\":\"ImageObject\",\"inLanguage\":\"pt-PT\",\"@id\":\"https:\\\/\\\/apartmentalgarverental.com\\\/pt-pt\\\/#\\\/schema\\\/logo\\\/image\\\/\",\"url\":\"https:\\\/\\\/apartmentalgarverental.com\\\/wp-content\\\/uploads\\\/2025\\\/04\\\/Mouta-apartments-e1745062593895.png\",\"contentUrl\":\"https:\\\/\\\/apartmentalgarverental.com\\\/wp-content\\\/uploads\\\/2025\\\/04\\\/Mouta-apartments-e1745062593895.png\",\"width\":500,\"height\":230,\"caption\":\"Apartment Algarve Rental\"},\"image\":{\"@id\":\"https:\\\/\\\/apartmentalgarverental.com\\\/pt-pt\\\/#\\\/schema\\\/logo\\\/image\\\/\"}}]}<\/script>\n<!-- \/ Yoast SEO plugin. -->","yoast_head_json":{"title":"FAQ - Apartment Algarve Rental","description":"Consulta as nossas FAQ para encontrares as respostas \u00e0s tuas perguntas sobre o aluguer de apartamentos no Algarve, reservas, pagamentos e servi\u00e7os.","robots":{"index":"index","follow":"follow","max-snippet":"max-snippet:-1","max-image-preview":"max-image-preview:large","max-video-preview":"max-video-preview:-1"},"canonical":"https:\/\/apartmentalgarverental.com\/pt-pt\/faq\/","og_locale":"pt_PT","og_type":"article","og_title":"FAQ - Apartment Algarve Rental","og_description":"Consulta as nossas FAQ para encontrares as respostas \u00e0s tuas perguntas sobre o aluguer de apartamentos no Algarve, reservas, pagamentos e servi\u00e7os.","og_url":"https:\/\/apartmentalgarverental.com\/pt-pt\/faq\/","og_site_name":"Apartment Algarve Rental","article_modified_time":"2025-04-20T14:13:26+00:00","og_image":[{"width":500,"height":230,"url":"https:\/\/apartmentalgarverental.com\/wp-content\/uploads\/2025\/04\/Mouta-apartments-e1745062593895.png","type":"image\/png"}],"twitter_card":"summary_large_image","twitter_misc":{"Tempo estimado de leitura":"6 minutos"},"schema":{"@context":"https:\/\/schema.org","@graph":[{"@type":"WebPage","@id":"https:\/\/apartmentalgarverental.com\/pt-pt\/faq\/","url":"https:\/\/apartmentalgarverental.com\/pt-pt\/faq\/","name":"FAQ - Apartment Algarve Rental","isPartOf":{"@id":"https:\/\/apartmentalgarverental.com\/pt-pt\/#website"},"primaryImageOfPage":{"@id":"https:\/\/apartmentalgarverental.com\/pt-pt\/faq\/#primaryimage"},"image":{"@id":"https:\/\/apartmentalgarverental.com\/pt-pt\/faq\/#primaryimage"},"thumbnailUrl":"https:\/\/apartmentalgarverental.com\/wp-content\/uploads\/2025\/04\/Mouta-apartments-e1745062593895.png","datePublished":"2024-07-13T13:17:02+00:00","dateModified":"2025-04-20T14:13:26+00:00","description":"Consulta as nossas FAQ para encontrares as respostas \u00e0s tuas perguntas sobre o aluguer de apartamentos no Algarve, reservas, pagamentos e servi\u00e7os.","breadcrumb":{"@id":"https:\/\/apartmentalgarverental.com\/pt-pt\/faq\/#breadcrumb"},"inLanguage":"pt-PT","potentialAction":[{"@type":"ReadAction","target":["https:\/\/apartmentalgarverental.com\/pt-pt\/faq\/"]}]},{"@type":"ImageObject","inLanguage":"pt-PT","@id":"https:\/\/apartmentalgarverental.com\/pt-pt\/faq\/#primaryimage","url":"https:\/\/apartmentalgarverental.com\/wp-content\/uploads\/2025\/04\/Mouta-apartments-e1745062593895.png","contentUrl":"https:\/\/apartmentalgarverental.com\/wp-content\/uploads\/2025\/04\/Mouta-apartments-e1745062593895.png"},{"@type":"BreadcrumbList","@id":"https:\/\/apartmentalgarverental.com\/pt-pt\/faq\/#breadcrumb","itemListElement":[{"@type":"ListItem","position":1,"name":"Accueil","item":"https:\/\/apartmentalgarverental.com\/pt-pt\/propriedade\/"},{"@type":"ListItem","position":2,"name":"FAQ"}]},{"@type":"WebSite","@id":"https:\/\/apartmentalgarverental.com\/pt-pt\/#website","url":"https:\/\/apartmentalgarverental.com\/pt-pt\/","name":"Apartment Algarve Rental","description":"","publisher":{"@id":"https:\/\/apartmentalgarverental.com\/pt-pt\/#organization"},"potentialAction":[{"@type":"SearchAction","target":{"@type":"EntryPoint","urlTemplate":"https:\/\/apartmentalgarverental.com\/pt-pt\/?s={search_term_string}"},"query-input":{"@type":"PropertyValueSpecification","valueRequired":true,"valueName":"search_term_string"}}],"inLanguage":"pt-PT"},{"@type":"Organization","@id":"https:\/\/apartmentalgarverental.com\/pt-pt\/#organization","name":"Apartment Algarve Rental","url":"https:\/\/apartmentalgarverental.com\/pt-pt\/","logo":{"@type":"ImageObject","inLanguage":"pt-PT","@id":"https:\/\/apartmentalgarverental.com\/pt-pt\/#\/schema\/logo\/image\/","url":"https:\/\/apartmentalgarverental.com\/wp-content\/uploads\/2025\/04\/Mouta-apartments-e1745062593895.png","contentUrl":"https:\/\/apartmentalgarverental.com\/wp-content\/uploads\/2025\/04\/Mouta-apartments-e1745062593895.png","width":500,"height":230,"caption":"Apartment Algarve Rental"},"image":{"@id":"https:\/\/apartmentalgarverental.com\/pt-pt\/#\/schema\/logo\/image\/"}}]}},"_links":{"self":[{"href":"https:\/\/apartmentalgarverental.com\/pt-pt\/wp-json\/wp\/v2\/pages\/29327","targetHints":{"allow":["GET"]}}],"collection":[{"href":"https:\/\/apartmentalgarverental.com\/pt-pt\/wp-json\/wp\/v2\/pages"}],"about":[{"href":"https:\/\/apartmentalgarverental.com\/pt-pt\/wp-json\/wp\/v2\/types\/page"}],"author":[{"embeddable":true,"href":"https:\/\/apartmentalgarverental.com\/pt-pt\/wp-json\/wp\/v2\/users\/1"}],"replies":[{"embeddable":true,"href":"https:\/\/apartmentalgarverental.com\/pt-pt\/wp-json\/wp\/v2\/comments?post=29327"}],"version-history":[{"count":1,"href":"https:\/\/apartmentalgarverental.com\/pt-pt\/wp-json\/wp\/v2\/pages\/29327\/revisions"}],"predecessor-version":[{"id":29336,"href":"https:\/\/apartmentalgarverental.com\/pt-pt\/wp-json\/wp\/v2\/pages\/29327\/revisions\/29336"}],"wp:attachment":[{"href":"https:\/\/apartmentalgarverental.com\/pt-pt\/wp-json\/wp\/v2\/media?parent=29327"}],"curies":[{"name":"wp","href":"https:\/\/api.w.org\/{rel}","templated":true}]}}