{"id":29326,"date":"2024-06-02T13:15:06","date_gmt":"2024-06-02T11:15:06","guid":{"rendered":"https:\/\/apartmentalgarverental.com\/contacto\/"},"modified":"2025-04-21T14:44:21","modified_gmt":"2025-04-21T12:44:21","slug":"contacto","status":"publish","type":"page","link":"https:\/\/apartmentalgarverental.com\/pt-pt\/contacto\/","title":{"rendered":"Contacto"},"content":{"rendered":"<p>[et_pb_section fb_built=&#8221;1&#8243; admin_label=&#8221;Header &#038; Contact Form&#8221; _builder_version=&#8221;4.25.1&#8243; _module_preset=&#8221;default&#8221; custom_padding=&#8221;10px||29px||false|false&#8221; collapsed=&#8221;on&#8221; global_colors_info=&#8221;{}&#8221;][et_pb_row _builder_version=&#8221;4.21.0&#8243; _module_preset=&#8221;default&#8221; max_width=&#8221;800px&#8221; global_colors_info=&#8221;{}&#8221;][et_pb_column type=&#8221;4_4&#8243; _builder_version=&#8221;4.21.0&#8243; _module_preset=&#8221;default&#8221; global_colors_info=&#8221;{}&#8221;][et_pb_text _builder_version=&#8221;4.25.1&#8243; _module_preset=&#8221;2bdad51a-16aa-4ca3-9d25-a68d7d0aa344&#8243; header_font=&#8221;||||||||&#8221; text_orientation=&#8221;center&#8221; global_colors_info=&#8221;{}&#8221;]<\/p>\n<h1>Contacto<\/h1>\n<p>[\/et_pb_text][\/et_pb_column][\/et_pb_row][et_pb_row _builder_version=&#8221;4.21.0&#8243; _module_preset=&#8221;default&#8221; custom_margin=&#8221;|auto|-4px|auto||&#8221; global_colors_info=&#8221;{}&#8221;][et_pb_column type=&#8221;4_4&#8243; _builder_version=&#8221;4.21.0&#8243; _module_preset=&#8221;default&#8221; global_colors_info=&#8221;{}&#8221;][et_pb_contact_form use_spam_service=&#8221;on&#8221; recaptcha_list=&#8221;apartementofteaend|apartementofteaend-0&#8243; email=&#8221;info@apartmentalgarverental.com&#8221; success_message=&#8221;Pedido enviado&#8221; submit_button_text=&#8221;Envia  &#8221; _builder_version=&#8221;4.27.4&#8243; _module_preset=&#8221;default&#8221; _unique_id=&#8221;342dd27a-7629-4fe4-93a1-81a1914cb21e&#8221; form_field_background_color=&#8221;rgba(184,114,71,0.2)&#8221; form_field_text_color=&#8221;#262626&#8243; form_field_custom_margin=&#8221;||10px||false|false&#8221; form_field_custom_padding=&#8221;||||false|false&#8221; form_field_font=&#8221;|600|||||||&#8221; form_field_font_size=&#8221;16px&#8221; custom_button=&#8221;on&#8221; button_text_color=&#8221;#FFFFFF&#8221; button_bg_color=&#8221;#4682b4&#8243; custom_margin=&#8221;||||false|false&#8221; custom_padding=&#8221;||||false|false&#8221; hover_enabled=&#8221;0&#8243; border_radii=&#8221;on|3px|3px|3px|3px&#8221; locked=&#8221;off&#8221; global_colors_info=&#8221;{}&#8221; sticky_enabled=&#8221;0&#8243;][et_pb_contact_field field_id=&#8221;Nom,_prenom&#8221; field_title=&#8221;Apelido, nome pr\u00f3prio&#8221; fullwidth_field=&#8221;on&#8221; _builder_version=&#8221;4.25.1&#8243; global_colors_info=&#8221;{}&#8221; button_text_size__hover_enabled=&#8221;off&#8221; button_one_text_size__hover_enabled=&#8221;off&#8221; button_two_text_size__hover_enabled=&#8221;off&#8221; button_text_color__hover_enabled=&#8221;off&#8221; button_one_text_color__hover_enabled=&#8221;off&#8221; button_two_text_color__hover_enabled=&#8221;off&#8221; button_border_width__hover_enabled=&#8221;off&#8221; button_one_border_width__hover_enabled=&#8221;off&#8221; button_two_border_width__hover_enabled=&#8221;off&#8221; button_border_color__hover_enabled=&#8221;off&#8221; button_one_border_color__hover_enabled=&#8221;off&#8221; button_two_border_color__hover_enabled=&#8221;off&#8221; button_border_radius__hover_enabled=&#8221;off&#8221; button_one_border_radius__hover_enabled=&#8221;off&#8221; button_two_border_radius__hover_enabled=&#8221;off&#8221; button_letter_spacing__hover_enabled=&#8221;off&#8221; button_one_letter_spacing__hover_enabled=&#8221;off&#8221; button_two_letter_spacing__hover_enabled=&#8221;off&#8221; button_bg_color__hover_enabled=&#8221;off&#8221; button_one_bg_color__hover_enabled=&#8221;off&#8221; button_two_bg_color__hover_enabled=&#8221;off&#8221;][\/et_pb_contact_field][et_pb_contact_field field_id=&#8221;Email&#8221; field_title=&#8221;Endere\u00e7o de correio eletr\u00f3nico&#8221; field_type=&#8221;email&#8221; fullwidth_field=&#8221;on&#8221; _builder_version=&#8221;4.25.1&#8243; global_colors_info=&#8221;{}&#8221; button_text_size__hover_enabled=&#8221;off&#8221; button_one_text_size__hover_enabled=&#8221;off&#8221; button_two_text_size__hover_enabled=&#8221;off&#8221; button_text_color__hover_enabled=&#8221;off&#8221; button_one_text_color__hover_enabled=&#8221;off&#8221; button_two_text_color__hover_enabled=&#8221;off&#8221; button_border_width__hover_enabled=&#8221;off&#8221; button_one_border_width__hover_enabled=&#8221;off&#8221; button_two_border_width__hover_enabled=&#8221;off&#8221; button_border_color__hover_enabled=&#8221;off&#8221; button_one_border_color__hover_enabled=&#8221;off&#8221; button_two_border_color__hover_enabled=&#8221;off&#8221; button_border_radius__hover_enabled=&#8221;off&#8221; button_one_border_radius__hover_enabled=&#8221;off&#8221; button_two_border_radius__hover_enabled=&#8221;off&#8221; button_letter_spacing__hover_enabled=&#8221;off&#8221; button_one_letter_spacing__hover_enabled=&#8221;off&#8221; button_two_letter_spacing__hover_enabled=&#8221;off&#8221; button_bg_color__hover_enabled=&#8221;off&#8221; button_one_bg_color__hover_enabled=&#8221;off&#8221; button_two_bg_color__hover_enabled=&#8221;off&#8221;][\/et_pb_contact_field][et_pb_contact_field field_id=&#8221;Telephone&#8221; field_title=&#8221;N\u00famero de telefone&#8221; fullwidth_field=&#8221;on&#8221; _builder_version=&#8221;4.25.1&#8243; _module_preset=&#8221;default&#8221; global_colors_info=&#8221;{}&#8221;][\/et_pb_contact_field][et_pb_contact_field field_id=&#8221;Message&#8221; field_title=&#8221;Mensagem&#8221; field_type=&#8221;text&#8221; fullwidth_field=&#8221;on&#8221; _builder_version=&#8221;4.25.1&#8243; global_colors_info=&#8221;{}&#8221; button_text_size__hover_enabled=&#8221;off&#8221; button_one_text_size__hover_enabled=&#8221;off&#8221; button_two_text_size__hover_enabled=&#8221;off&#8221; button_text_color__hover_enabled=&#8221;off&#8221; button_one_text_color__hover_enabled=&#8221;off&#8221; button_two_text_color__hover_enabled=&#8221;off&#8221; button_border_width__hover_enabled=&#8221;off&#8221; button_one_border_width__hover_enabled=&#8221;off&#8221; button_two_border_width__hover_enabled=&#8221;off&#8221; button_border_color__hover_enabled=&#8221;off&#8221; button_one_border_color__hover_enabled=&#8221;off&#8221; button_two_border_color__hover_enabled=&#8221;off&#8221; button_border_radius__hover_enabled=&#8221;off&#8221; button_one_border_radius__hover_enabled=&#8221;off&#8221; button_two_border_radius__hover_enabled=&#8221;off&#8221; button_letter_spacing__hover_enabled=&#8221;off&#8221; button_one_letter_spacing__hover_enabled=&#8221;off&#8221; button_two_letter_spacing__hover_enabled=&#8221;off&#8221; button_bg_color__hover_enabled=&#8221;off&#8221; button_one_bg_color__hover_enabled=&#8221;off&#8221; button_two_bg_color__hover_enabled=&#8221;off&#8221;][\/et_pb_contact_field][\/et_pb_contact_form][\/et_pb_column][\/et_pb_row][\/et_pb_section][et_pb_section fb_built=&#8221;1&#8243; admin_label=&#8221;Contact Info&#8221; _builder_version=&#8221;4.25.1&#8243; _module_preset=&#8221;default&#8221; background_color=&#8221;gcid-70184d90-89dc-4d37-8a72-67bb78c7369e&#8221; width=&#8221;94%&#8221; width_tablet=&#8221;80%&#8221; width_phone=&#8221;80%&#8221; width_last_edited=&#8221;on|desktop&#8221; max_width=&#8221;2000px&#8221; module_alignment=&#8221;center&#8221; custom_margin=&#8221;30px||30px||true|false&#8221; border_radii=&#8221;on|10px|10px|10px|10px&#8221; collapsed=&#8221;on&#8221; global_colors_info=&#8221;{%22gcid-70184d90-89dc-4d37-8a72-67bb78c7369e%22:%91%22background_color%22%93}&#8221;][et_pb_row column_structure=&#8221;1_3,1_3,1_3&#8243; _builder_version=&#8221;4.22.0&#8243; _module_preset=&#8221;default&#8221; global_colors_info=&#8221;{}&#8221;][et_pb_column type=&#8221;1_3&#8243; _builder_version=&#8221;4.21.0&#8243; _module_preset=&#8221;default&#8221; global_colors_info=&#8221;{}&#8221;][et_pb_icon font_icon=&#8221;&#xe090;||divi||400&#8243; icon_color=&#8221;#000000&#8243; icon_width=&#8221;16px&#8221; _builder_version=&#8221;4.21.0&#8243; _module_preset=&#8221;default&#8221; custom_padding=&#8221;12px|12px|12px|12px|true|true&#8221; border_radii=&#8221;on|100px|100px|100px|100px&#8221; border_width_all=&#8221;1px&#8221; border_color_all=&#8221;#000000&#8243; locked=&#8221;off&#8221; global_colors_info=&#8221;{}&#8221;][\/et_pb_icon][et_pb_text _builder_version=&#8221;4.25.1&#8243; _module_preset=&#8221;049e21d8-ce7a-4f1a-b873-203352efe720&#8243; header_5_font=&#8221;||||||||&#8221; text_orientation=&#8221;center&#8221; custom_margin=&#8221;||0px||false|false&#8221; global_colors_info=&#8221;{}&#8221;]<\/p>\n<h5>Liga-nos para<\/h5>\n<p>[\/et_pb_text][et_pb_text _builder_version=&#8221;4.25.1&#8243; _module_preset=&#8221;d17ea224-3b66-427e-bfde-6ca36ad662c5&#8243; link_text_color=&#8221;gcid-9d98294c-d1ae-4311-865c-0d2bedb19256&#8243; text_orientation=&#8221;center&#8221; global_colors_info=&#8221;{%22gcid-9d98294c-d1ae-4311-865c-0d2bedb19256%22:%91%22link_text_color%22%93}&#8221;]<\/p>\n<p>+41 79 128 26 02<\/p>\n<p>[\/et_pb_text][\/et_pb_column][et_pb_column type=&#8221;1_3&#8243; _builder_version=&#8221;4.21.0&#8243; _module_preset=&#8221;default&#8221; global_colors_info=&#8221;{}&#8221;][et_pb_icon font_icon=&#8221;&#xf0e0;||fa||900&#8243; icon_color=&#8221;#000000&#8243; icon_width=&#8221;16px&#8221; _builder_version=&#8221;4.21.0&#8243; _module_preset=&#8221;default&#8221; custom_padding=&#8221;12px|12px|12px|12px|true|true&#8221; border_radii=&#8221;on|100px|100px|100px|100px&#8221; border_width_all=&#8221;1px&#8221; border_color_all=&#8221;#000000&#8243; locked=&#8221;off&#8221; global_colors_info=&#8221;{}&#8221;][\/et_pb_icon][et_pb_text _builder_version=&#8221;4.25.1&#8243; _module_preset=&#8221;049e21d8-ce7a-4f1a-b873-203352efe720&#8243; header_5_font=&#8221;||||||||&#8221; text_orientation=&#8221;center&#8221; custom_margin=&#8221;||0px||false|false&#8221; global_colors_info=&#8221;{}&#8221;]<\/p>\n<h5>Envia-nos uma mensagem de correio eletr\u00f3nico<\/h5>\n<p>[\/et_pb_text][et_pb_text _builder_version=&#8221;4.27.4&#8243; _module_preset=&#8221;5ca22839-8d21-4c27-8212-9b957f7beb88&#8243; link_text_color=&#8221;gcid-9d98294c-d1ae-4311-865c-0d2bedb19256&#8243; text_orientation=&#8221;center&#8221; global_colors_info=&#8221;{%22gcid-9d98294c-d1ae-4311-865c-0d2bedb19256%22:%91%22link_text_color%22%93}&#8221;]<\/p>\n<p><a href=\"mailto:info@apartmentalgarverental.com\" title=\"info@apartmentalgarverental.com\" target=\"_blank\" rel=\"noopener\">info@apartmentalgarverental.com<\/a><\/p>\n<p>[\/et_pb_text][\/et_pb_column][et_pb_column type=&#8221;1_3&#8243; _builder_version=&#8221;4.21.0&#8243; _module_preset=&#8221;default&#8221; global_colors_info=&#8221;{}&#8221;][et_pb_icon font_icon=&#8221;&#xe081;||divi||400&#8243; icon_color=&#8221;#000000&#8243; icon_width=&#8221;16px&#8221; _builder_version=&#8221;4.21.0&#8243; _module_preset=&#8221;default&#8221; custom_padding=&#8221;12px|12px|12px|12px|true|true&#8221; border_radii=&#8221;on|100px|100px|100px|100px&#8221; border_width_all=&#8221;1px&#8221; border_color_all=&#8221;#000000&#8243; locked=&#8221;off&#8221; global_colors_info=&#8221;{}&#8221;][\/et_pb_icon][et_pb_text _builder_version=&#8221;4.25.1&#8243; _module_preset=&#8221;049e21d8-ce7a-4f1a-b873-203352efe720&#8243; header_5_font=&#8221;||||||||&#8221; text_orientation=&#8221;center&#8221; custom_margin=&#8221;||0px||false|false&#8221; global_colors_info=&#8221;{}&#8221;]<\/p>\n<h5>Endere\u00e7o<\/h5>\n<p>[\/et_pb_text][et_pb_text _builder_version=&#8221;4.27.4&#8243; _module_preset=&#8221;5ca22839-8d21-4c27-8212-9b957f7beb88&#8243; link_text_color=&#8221;gcid-9d98294c-d1ae-4311-865c-0d2bedb19256&#8243; text_orientation=&#8221;center&#8221; locked=&#8221;off&#8221; global_colors_info=&#8221;{%22gcid-9d98294c-d1ae-4311-865c-0d2bedb19256%22:%91%22link_text_color%22%93}&#8221;]<\/p>\n<p>Volta da Gar\u00e7a-vermelha, Vilamoura, 8125-502 Quarteira, Portugal<\/p>\n<p>[\/et_pb_text][\/et_pb_column][\/et_pb_row][\/et_pb_section][et_pb_section fb_built=&#8221;1&#8243; admin_label=&#8221;Map&#8221; _builder_version=&#8221;4.21.0&#8243; _module_preset=&#8221;default&#8221; custom_padding=&#8221;0px||||false|false&#8221; collapsed=&#8221;on&#8221; global_colors_info=&#8221;{}&#8221;][et_pb_row _builder_version=&#8221;4.22.0&#8243; _module_preset=&#8221;default&#8221; width=&#8221;94%&#8221; width_tablet=&#8221;80%&#8221; width_phone=&#8221;80%&#8221; width_last_edited=&#8221;on|desktop&#8221; max_width=&#8221;2000px&#8221; custom_padding=&#8221;0px||0px||true|false&#8221; border_radii=&#8221;on|10px|10px|10px|10px&#8221; global_colors_info=&#8221;{}&#8221;][et_pb_column type=&#8221;4_4&#8243; _builder_version=&#8221;4.21.0&#8243; _module_preset=&#8221;default&#8221; global_colors_info=&#8221;{}&#8221;][et_pb_code _builder_version=&#8221;4.25.1&#8243; _module_preset=&#8221;default&#8221; global_colors_info=&#8221;{}&#8221;]<iframe src=\"https:\/\/www.google.com\/maps\/embed?pb=!1m18!1m12!1m3!1d3182.9079645374795!2d-8.111030323693674!3d37.08349885167814!2m3!1f0!2f0!3f0!3m2!1i1024!2i768!4f13.1!3m3!1m2!1s0xd1ab5a686abd255%3A0x2c8073e892162d29!2sApartamentos%20Alvaflor!5e0!3m2!1sfr!2sch!4v1717960448170!5m2!1sfr!2sch\" width=\"100%\" height=\"600\" style=\"border:0;\" allowfullscreen=\"\" loading=\"lazy\" referrerpolicy=\"no-referrer-when-downgrade\"><\/iframe>[\/et_pb_code][\/et_pb_column][\/et_pb_row][\/et_pb_section]<\/p>\n","protected":false},"excerpt":{"rendered":"<p>ContactoLiga-nos para+41 79 128 26 02Envia-nos uma mensagem de correio eletr\u00f3nicoinfo@apartmentalgarverental.comEndere\u00e7oVolta da Gar\u00e7a-vermelha, Vilamoura, 8125-502 Quarteira, Portugal<\/p>\n","protected":false},"author":1,"featured_media":0,"parent":0,"menu_order":0,"comment_status":"closed","ping_status":"closed","template":"","meta":{"_et_pb_use_builder":"on","_et_pb_old_content":"","_et_gb_content_width":"","footnotes":""},"class_list":["post-29326","page","type-page","status-publish","hentry"],"yoast_head":"<!-- This site is optimized with the Yoast SEO plugin v27.4 - https:\/\/yoast.com\/product\/yoast-seo-wordpress\/ -->\n<title>Contacto | Alugueres para f\u00e9rias Algarve - Apartment Algarve Rental<\/title>\n<meta name=\"description\" content=\"Contacta-nos se tiveres alguma d\u00favida sobre o aluguer dos nossos apartamentos no Algarve. Estamos aqui para te ajudar a planear umas f\u00e9rias inesquec\u00edveis em Portugal.\" \/>\n<meta name=\"robots\" content=\"index, follow, max-snippet:-1, max-image-preview:large, max-video-preview:-1\" \/>\n<link rel=\"canonical\" href=\"https:\/\/apartmentalgarverental.com\/pt-pt\/contacto\/\" \/>\n<meta property=\"og:locale\" content=\"pt_PT\" \/>\n<meta property=\"og:type\" content=\"article\" \/>\n<meta property=\"og:title\" content=\"Contacto | Alugueres para f\u00e9rias Algarve - Apartment Algarve Rental\" \/>\n<meta property=\"og:description\" content=\"Contacta-nos se tiveres alguma d\u00favida sobre o aluguer dos nossos apartamentos no Algarve. Estamos aqui para te ajudar a planear umas f\u00e9rias inesquec\u00edveis em Portugal.\" \/>\n<meta property=\"og:url\" content=\"https:\/\/apartmentalgarverental.com\/pt-pt\/contacto\/\" \/>\n<meta property=\"og:site_name\" content=\"Apartment Algarve Rental\" \/>\n<meta property=\"article:modified_time\" content=\"2025-04-21T12:44:21+00:00\" \/>\n<meta name=\"twitter:card\" content=\"summary_large_image\" \/>\n<meta name=\"twitter:label1\" content=\"Tempo estimado de leitura\" \/>\n\t<meta name=\"twitter:data1\" content=\"7 minutos\" \/>\n<script type=\"application\/ld+json\" class=\"yoast-schema-graph\">{\"@context\":\"https:\\\/\\\/schema.org\",\"@graph\":[{\"@type\":\"WebPage\",\"@id\":\"https:\\\/\\\/apartmentalgarverental.com\\\/pt-pt\\\/contacto\\\/\",\"url\":\"https:\\\/\\\/apartmentalgarverental.com\\\/pt-pt\\\/contacto\\\/\",\"name\":\"Contacto | Alugueres para f\u00e9rias Algarve - Apartment Algarve Rental\",\"isPartOf\":{\"@id\":\"https:\\\/\\\/apartmentalgarverental.com\\\/pt-pt\\\/#website\"},\"datePublished\":\"2024-06-02T11:15:06+00:00\",\"dateModified\":\"2025-04-21T12:44:21+00:00\",\"description\":\"Contacta-nos se tiveres alguma d\u00favida sobre o aluguer dos nossos apartamentos no Algarve. Estamos aqui para te ajudar a planear umas f\u00e9rias inesquec\u00edveis em Portugal.\",\"breadcrumb\":{\"@id\":\"https:\\\/\\\/apartmentalgarverental.com\\\/pt-pt\\\/contacto\\\/#breadcrumb\"},\"inLanguage\":\"pt-PT\",\"potentialAction\":[{\"@type\":\"ReadAction\",\"target\":[\"https:\\\/\\\/apartmentalgarverental.com\\\/pt-pt\\\/contacto\\\/\"]}]},{\"@type\":\"BreadcrumbList\",\"@id\":\"https:\\\/\\\/apartmentalgarverental.com\\\/pt-pt\\\/contacto\\\/#breadcrumb\",\"itemListElement\":[{\"@type\":\"ListItem\",\"position\":1,\"name\":\"Accueil\",\"item\":\"https:\\\/\\\/apartmentalgarverental.com\\\/pt-pt\\\/propriedade\\\/\"},{\"@type\":\"ListItem\",\"position\":2,\"name\":\"Contacto\"}]},{\"@type\":\"WebSite\",\"@id\":\"https:\\\/\\\/apartmentalgarverental.com\\\/pt-pt\\\/#website\",\"url\":\"https:\\\/\\\/apartmentalgarverental.com\\\/pt-pt\\\/\",\"name\":\"Apartment Algarve Rental\",\"description\":\"\",\"publisher\":{\"@id\":\"https:\\\/\\\/apartmentalgarverental.com\\\/pt-pt\\\/#organization\"},\"potentialAction\":[{\"@type\":\"SearchAction\",\"target\":{\"@type\":\"EntryPoint\",\"urlTemplate\":\"https:\\\/\\\/apartmentalgarverental.com\\\/pt-pt\\\/?s={search_term_string}\"},\"query-input\":{\"@type\":\"PropertyValueSpecification\",\"valueRequired\":true,\"valueName\":\"search_term_string\"}}],\"inLanguage\":\"pt-PT\"},{\"@type\":\"Organization\",\"@id\":\"https:\\\/\\\/apartmentalgarverental.com\\\/pt-pt\\\/#organization\",\"name\":\"Apartment Algarve Rental\",\"url\":\"https:\\\/\\\/apartmentalgarverental.com\\\/pt-pt\\\/\",\"logo\":{\"@type\":\"ImageObject\",\"inLanguage\":\"pt-PT\",\"@id\":\"https:\\\/\\\/apartmentalgarverental.com\\\/pt-pt\\\/#\\\/schema\\\/logo\\\/image\\\/\",\"url\":\"https:\\\/\\\/apartmentalgarverental.com\\\/wp-content\\\/uploads\\\/2025\\\/04\\\/Mouta-apartments-e1745062593895.png\",\"contentUrl\":\"https:\\\/\\\/apartmentalgarverental.com\\\/wp-content\\\/uploads\\\/2025\\\/04\\\/Mouta-apartments-e1745062593895.png\",\"width\":500,\"height\":230,\"caption\":\"Apartment Algarve Rental\"},\"image\":{\"@id\":\"https:\\\/\\\/apartmentalgarverental.com\\\/pt-pt\\\/#\\\/schema\\\/logo\\\/image\\\/\"}}]}<\/script>\n<!-- \/ Yoast SEO plugin. -->","yoast_head_json":{"title":"Contacto | Alugueres para f\u00e9rias Algarve - Apartment Algarve Rental","description":"Contacta-nos se tiveres alguma d\u00favida sobre o aluguer dos nossos apartamentos no Algarve. Estamos aqui para te ajudar a planear umas f\u00e9rias inesquec\u00edveis em Portugal.","robots":{"index":"index","follow":"follow","max-snippet":"max-snippet:-1","max-image-preview":"max-image-preview:large","max-video-preview":"max-video-preview:-1"},"canonical":"https:\/\/apartmentalgarverental.com\/pt-pt\/contacto\/","og_locale":"pt_PT","og_type":"article","og_title":"Contacto | Alugueres para f\u00e9rias Algarve - Apartment Algarve Rental","og_description":"Contacta-nos se tiveres alguma d\u00favida sobre o aluguer dos nossos apartamentos no Algarve. Estamos aqui para te ajudar a planear umas f\u00e9rias inesquec\u00edveis em Portugal.","og_url":"https:\/\/apartmentalgarverental.com\/pt-pt\/contacto\/","og_site_name":"Apartment Algarve Rental","article_modified_time":"2025-04-21T12:44:21+00:00","twitter_card":"summary_large_image","twitter_misc":{"Tempo estimado de leitura":"7 minutos"},"schema":{"@context":"https:\/\/schema.org","@graph":[{"@type":"WebPage","@id":"https:\/\/apartmentalgarverental.com\/pt-pt\/contacto\/","url":"https:\/\/apartmentalgarverental.com\/pt-pt\/contacto\/","name":"Contacto | Alugueres para f\u00e9rias Algarve - Apartment Algarve Rental","isPartOf":{"@id":"https:\/\/apartmentalgarverental.com\/pt-pt\/#website"},"datePublished":"2024-06-02T11:15:06+00:00","dateModified":"2025-04-21T12:44:21+00:00","description":"Contacta-nos se tiveres alguma d\u00favida sobre o aluguer dos nossos apartamentos no Algarve. Estamos aqui para te ajudar a planear umas f\u00e9rias inesquec\u00edveis em Portugal.","breadcrumb":{"@id":"https:\/\/apartmentalgarverental.com\/pt-pt\/contacto\/#breadcrumb"},"inLanguage":"pt-PT","potentialAction":[{"@type":"ReadAction","target":["https:\/\/apartmentalgarverental.com\/pt-pt\/contacto\/"]}]},{"@type":"BreadcrumbList","@id":"https:\/\/apartmentalgarverental.com\/pt-pt\/contacto\/#breadcrumb","itemListElement":[{"@type":"ListItem","position":1,"name":"Accueil","item":"https:\/\/apartmentalgarverental.com\/pt-pt\/propriedade\/"},{"@type":"ListItem","position":2,"name":"Contacto"}]},{"@type":"WebSite","@id":"https:\/\/apartmentalgarverental.com\/pt-pt\/#website","url":"https:\/\/apartmentalgarverental.com\/pt-pt\/","name":"Apartment Algarve Rental","description":"","publisher":{"@id":"https:\/\/apartmentalgarverental.com\/pt-pt\/#organization"},"potentialAction":[{"@type":"SearchAction","target":{"@type":"EntryPoint","urlTemplate":"https:\/\/apartmentalgarverental.com\/pt-pt\/?s={search_term_string}"},"query-input":{"@type":"PropertyValueSpecification","valueRequired":true,"valueName":"search_term_string"}}],"inLanguage":"pt-PT"},{"@type":"Organization","@id":"https:\/\/apartmentalgarverental.com\/pt-pt\/#organization","name":"Apartment Algarve Rental","url":"https:\/\/apartmentalgarverental.com\/pt-pt\/","logo":{"@type":"ImageObject","inLanguage":"pt-PT","@id":"https:\/\/apartmentalgarverental.com\/pt-pt\/#\/schema\/logo\/image\/","url":"https:\/\/apartmentalgarverental.com\/wp-content\/uploads\/2025\/04\/Mouta-apartments-e1745062593895.png","contentUrl":"https:\/\/apartmentalgarverental.com\/wp-content\/uploads\/2025\/04\/Mouta-apartments-e1745062593895.png","width":500,"height":230,"caption":"Apartment Algarve Rental"},"image":{"@id":"https:\/\/apartmentalgarverental.com\/pt-pt\/#\/schema\/logo\/image\/"}}]}},"_links":{"self":[{"href":"https:\/\/apartmentalgarverental.com\/pt-pt\/wp-json\/wp\/v2\/pages\/29326","targetHints":{"allow":["GET"]}}],"collection":[{"href":"https:\/\/apartmentalgarverental.com\/pt-pt\/wp-json\/wp\/v2\/pages"}],"about":[{"href":"https:\/\/apartmentalgarverental.com\/pt-pt\/wp-json\/wp\/v2\/types\/page"}],"author":[{"embeddable":true,"href":"https:\/\/apartmentalgarverental.com\/pt-pt\/wp-json\/wp\/v2\/users\/1"}],"replies":[{"embeddable":true,"href":"https:\/\/apartmentalgarverental.com\/pt-pt\/wp-json\/wp\/v2\/comments?post=29326"}],"version-history":[{"count":6,"href":"https:\/\/apartmentalgarverental.com\/pt-pt\/wp-json\/wp\/v2\/pages\/29326\/revisions"}],"predecessor-version":[{"id":29429,"href":"https:\/\/apartmentalgarverental.com\/pt-pt\/wp-json\/wp\/v2\/pages\/29326\/revisions\/29429"}],"wp:attachment":[{"href":"https:\/\/apartmentalgarverental.com\/pt-pt\/wp-json\/wp\/v2\/media?parent=29326"}],"curies":[{"name":"wp","href":"https:\/\/api.w.org\/{rel}","templated":true}]}}