{"id":29315,"date":"2024-06-02T13:23:51","date_gmt":"2024-06-02T11:23:51","guid":{"rendered":"https:\/\/apartmentalgarverental.com\/livro\/"},"modified":"2025-04-20T16:13:26","modified_gmt":"2025-04-20T14:13:26","slug":"livro","status":"publish","type":"page","link":"https:\/\/apartmentalgarverental.com\/pt-pt\/livro\/","title":{"rendered":"Livro"},"content":{"rendered":"<p>[et_pb_section fb_built=&#8221;1&#8243; admin_label=&#8221;Header &#038; Pricing Table&#8221; _builder_version=&#8221;4.25.1&#8243; _module_preset=&#8221;default&#8221; custom_padding=&#8221;10px||30px||false|false&#8221; collapsed=&#8221;on&#8221; global_colors_info=&#8221;{}&#8221;][et_pb_row _builder_version=&#8221;4.21.0&#8243; _module_preset=&#8221;default&#8221; global_colors_info=&#8221;{}&#8221;][et_pb_column type=&#8221;4_4&#8243; _builder_version=&#8221;4.21.0&#8243; _module_preset=&#8221;default&#8221; global_colors_info=&#8221;{}&#8221;][et_pb_text _builder_version=&#8221;4.25.1&#8243; _module_preset=&#8221;335c2db7-37a9-4c22-9df6-40135d673ee3&#8243; header_font=&#8221;||||||||&#8221; text_orientation=&#8221;center&#8221; global_colors_info=&#8221;{}&#8221;]<\/p>\n<h1>As nossas tarifas<\/h1>\n<p>[\/et_pb_text][\/et_pb_column][\/et_pb_row][et_pb_row _builder_version=&#8221;4.27.0&#8243; _module_preset=&#8221;default&#8221; global_colors_info=&#8221;{}&#8221;][et_pb_column type=&#8221;4_4&#8243; _builder_version=&#8221;4.27.0&#8243; _module_preset=&#8221;default&#8221; global_colors_info=&#8221;{}&#8221;][et_pb_tabs active_tab_background_color=&#8221;#4682b4&#8243; active_tab_text_color=&#8221;#f5f5f5&#8243; _builder_version=&#8221;4.27.4&#8243; _module_preset=&#8221;default&#8221; tab_text_color=&#8221;#111111&#8243; tab_font_size=&#8221;18px&#8221; global_colors_info=&#8221;{}&#8221;][et_pb_tab title=&#8221;\u00c9poca alta (junho a setembro)&#8221; _builder_version=&#8221;4.27.0&#8243; _module_preset=&#8221;default&#8221; global_colors_info=&#8221;{}&#8221;]<\/p>\n<p><strong>CHF 120 por noite<\/strong><\/p>\n<p>Tarifas semanais: 10-15% de desconto para reservas de mais de uma semana.<\/p>\n<p>Arrendamento de longa dura\u00e7\u00e3o: Pre\u00e7os negociados mensalmente para os inquilinos que pretendam permanecer durante v\u00e1rios meses, especialmente na \u00e9poca baixa (cerca de 1.200 a 1.500 euros por m\u00eas).<\/p>\n<p>[\/et_pb_tab][et_pb_tab title=&#8221;Meia esta\u00e7\u00e3o (abril, maio, outubro)&#8221; _builder_version=&#8221;4.27.0&#8243; _module_preset=&#8221;default&#8221; global_colors_info=&#8221;{}&#8221;]<\/p>\n<p><strong>CHF 80 por noite<\/strong><\/p>\n<p>Tarifas semanais: 10-15% de desconto para reservas de mais de uma semana.<\/p>\n<p>Arrendamento de longa dura\u00e7\u00e3o: Pre\u00e7os negociados mensalmente para os inquilinos que pretendam permanecer durante v\u00e1rios meses, especialmente na \u00e9poca baixa (cerca de 1.200 a 1.500 euros por m\u00eas).<\/p>\n<p>[\/et_pb_tab][et_pb_tab title=&#8221;\u00c9poca baixa (novembro a mar\u00e7o)&#8221; _builder_version=&#8221;4.27.0&#8243; _module_preset=&#8221;default&#8221; global_colors_info=&#8221;{}&#8221;]<\/p>\n<p><strong>CHF 60 por noite<\/strong><\/p>\n<p>Tarifas semanais: 10-15% de desconto para reservas de mais de uma semana.<\/p>\n<p>Arrendamento de longa dura\u00e7\u00e3o: Pre\u00e7os negociados mensalmente para os inquilinos que pretendam permanecer durante v\u00e1rios meses, especialmente na \u00e9poca baixa (cerca de 1.200 a 1.500 euros por m\u00eas).<\/p>\n<p>[\/et_pb_tab][\/et_pb_tabs][\/et_pb_column][\/et_pb_row][\/et_pb_section][et_pb_section fb_built=&#8221;1&#8243; module_id=&#8221;formul\u00e1rio de reserva&#8221; _builder_version=&#8221;4.27.0&#8243; _module_preset=&#8221;default&#8221; custom_padding=&#8221;30px||30px||false|false&#8221; global_colors_info=&#8221;{}&#8221;][et_pb_row _builder_version=&#8221;4.27.0&#8243; _module_preset=&#8221;default&#8221; global_colors_info=&#8221;{}&#8221;][et_pb_column type=&#8221;4_4&#8243; _builder_version=&#8221;4.25.1&#8243; _module_preset=&#8221;default&#8221; global_colors_info=&#8221;{}&#8221;][et_pb_text _builder_version=&#8221;4.27.0&#8243; _module_preset=&#8221;f22bb289-faaf-4a2e-be2d-f28d44a120b1&#8243; header_2_font=&#8221;||||||||&#8221; global_colors_info=&#8221;{}&#8221;]<\/p>\n<h2>Formul\u00e1rio de reserva<\/h2>\n<p>[\/et_pb_text][wpbs_divi_single_calendar id=&#8221;1&#8243; form_id=&#8221;1&#8243; show_prices=&#8221;yes&#8221; _builder_version=&#8221;4.27.4&#8243; _module_preset=&#8221;default&#8221; global_colors_info=&#8221;{}&#8221;][\/wpbs_divi_single_calendar][\/et_pb_column][\/et_pb_row][\/et_pb_section][et_pb_section fb_built=&#8221;1&#8243; custom_padding_last_edited=&#8221;on|tablet&#8221; admin_label=&#8221;Call to Action&#8221; _builder_version=&#8221;4.25.1&#8243; _module_preset=&#8221;default&#8221; custom_padding=&#8221;30px||20px||false|false&#8221; custom_padding_tablet=&#8221;||0px||false|true&#8221; custom_padding_phone=&#8221;||0px||false|true&#8221; locked=&#8221;off&#8221; collapsed=&#8221;on&#8221; global_colors_info=&#8221;{}&#8221;][et_pb_row column_structure=&#8221;2_5,3_5&#8243; use_custom_gutter=&#8221;on&#8221; gutter_width=&#8221;2&#8243; make_equal=&#8221;on&#8221; _builder_version=&#8221;4.27.4&#8243; _module_preset=&#8221;default&#8221; width=&#8221;94%&#8221; width_tablet=&#8221;80%&#8221; width_phone=&#8221;80%&#8221; width_last_edited=&#8221;on|desktop&#8221; max_width=&#8221;2000px&#8221; custom_margin=&#8221;|auto|50px|auto||&#8221; custom_padding=&#8221;||18px|||&#8221; hover_enabled=&#8221;0&#8243; global_colors_info=&#8221;{}&#8221; sticky_enabled=&#8221;0&#8243;][et_pb_column type=&#8221;2_5&#8243; _builder_version=&#8221;4.27.0&#8243; _module_preset=&#8221;default&#8221; background_color=&#8221;gcid-5aa9ce6a-8a5e-4347-973a-c6b91f603234&#8243; custom_padding=&#8221;7vw|50px|7vw|50px|true|true&#8221; custom_padding_tablet=&#8221;|30px||30px|true|true&#8221; custom_padding_phone=&#8221;|20px||20px|true|true&#8221; custom_padding_last_edited=&#8221;on|desktop&#8221; border_radii=&#8221;on|10px|10px|10px|10px&#8221; global_colors_info=&#8221;{%22gcid-5aa9ce6a-8a5e-4347-973a-c6b91f603234%22:%91%22background_color%22%93}&#8221;][et_pb_text _builder_version=&#8221;4.25.1&#8243; _module_preset=&#8221;af3de2c3-1ff8-4184-b77f-3700bc5aa6cc&#8221; header_3_font=&#8221;||||||||&#8221; header_3_text_color=&#8221;#FFFFFF&#8221; custom_margin=&#8221;||10px||false|false&#8221; global_colors_info=&#8221;{}&#8221;]<\/p>\n<h3>Estadias de longa dura\u00e7\u00e3o<\/h3>\n<p>[\/et_pb_text][et_pb_text _builder_version=&#8221;4.21.0&#8243; _module_preset=&#8221;aace6a3c-0e7a-41e7-807a-4df1a85ac58c&#8221; text_text_color=&#8221;#FFFFFF&#8221; custom_margin=&#8221;||30px||false|false&#8221; global_colors_info=&#8221;{}&#8221;]<\/p>\n<p>Concede um desconto de 10-15% para estadias de um m\u00eas ou mais. Para mais informa\u00e7\u00f5es, contacta-nos diretamente.<\/p>\n<p>&nbsp;<\/p>\n<p>[\/et_pb_text][et_pb_button button_url=&#8221;https:\/\/apartmentalgarverental.com\/pt-pt\/contacto\/&#8221; button_text=&#8221;Descobre mais&#8221; _builder_version=&#8221;4.26.1&#8243; _module_preset=&#8221;275dbdaa-2ec8-41f4-a1af-1b7440095e73&#8243; button_border_radius=&#8221;3px&#8221; button_font=&#8221;|700||on|||||&#8221; global_colors_info=&#8221;{}&#8221;][\/et_pb_button][\/et_pb_column][et_pb_column type=&#8221;3_5&#8243; _builder_version=&#8221;4.27.4&#8243; _module_preset=&#8221;default&#8221; background_image=&#8221;https:\/\/apartmentalgarverental.com\/wp-content\/uploads\/2024\/07\/vilamoura-3.jpg&#8221; hover_enabled=&#8221;0&#8243; border_radii=&#8221;on|10px|10px|10px|10px&#8221; global_colors_info=&#8221;{}&#8221; alt=&#8221;Vilamoura&#8221; title_text=&#8221;vilamoura-3&#8243; sticky_enabled=&#8221;0&#8243;][et_pb_divider show_divider=&#8221;off&#8221; _builder_version=&#8221;4.21.0&#8243; _module_preset=&#8221;default&#8221; height_tablet=&#8221;40vw&#8221; height_phone=&#8221;40vw&#8221; height_last_edited=&#8221;on|desktop&#8221; locked=&#8221;off&#8221; global_colors_info=&#8221;{}&#8221;][\/et_pb_divider][\/et_pb_column][\/et_pb_row][\/et_pb_section][et_pb_section fb_built=&#8221;1&#8243; admin_label=&#8221;FAQ&#8221; _builder_version=&#8221;4.25.1&#8243; _module_preset=&#8221;default&#8221; custom_padding=&#8221;30px||30px||false|false&#8221; collapsed=&#8221;on&#8221; global_colors_info=&#8221;{}&#8221;][et_pb_row _builder_version=&#8221;4.21.0&#8243; _module_preset=&#8221;default&#8221; global_colors_info=&#8221;{}&#8221;][et_pb_column type=&#8221;4_4&#8243; _builder_version=&#8221;4.21.0&#8243; _module_preset=&#8221;default&#8221; global_colors_info=&#8221;{}&#8221;][et_pb_text _builder_version=&#8221;4.27.0&#8243; _module_preset=&#8221;f22bb289-faaf-4a2e-be2d-f28d44a120b1&#8243; header_2_font=&#8221;||||||||&#8221; global_colors_info=&#8221;{}&#8221;]<\/p>\n<h2>Uma resposta \u00e0s tuas perguntas?<\/h2>\n<p>[\/et_pb_text][et_pb_text _builder_version=&#8221;4.27.0&#8243; _module_preset=&#8221;default&#8221; global_colors_info=&#8221;{}&#8221;]<\/p>\n<p>Pens\u00e1mos em tudo! Para tornar a tua experi\u00eancia ainda mais f\u00e1cil, cri\u00e1mos uma p\u00e1gina de FAQ (Perguntas Frequentes) onde encontrar\u00e1s respostas \u00e0s perguntas mais frequentes.<\/p>\n<p>[\/et_pb_text][et_pb_button button_url=&#8221;@ET-DC@eyJkeW5hbWljIjp0cnVlLCJjb250ZW50IjoicG9zdF9saW5rX3VybF9wYWdlIiwic2V0dGluZ3MiOnsicG9zdF9pZCI6IjI5MDE2In19@&#8221; button_text=&#8221;A nossa p\u00e1gina de FAQ&#8221; _builder_version=&#8221;4.27.4&#8243; _dynamic_attributes=&#8221;button_url&#8221; _module_preset=&#8221;275dbdaa-2ec8-41f4-a1af-1b7440095e73&#8243; button_bg_color=&#8221;#4682b4&#8243; button_border_radius=&#8221;3px&#8221; button_font=&#8221;|700||on|||||&#8221; global_colors_info=&#8221;{}&#8221;][\/et_pb_button][\/et_pb_column][\/et_pb_row][\/et_pb_section]<\/p>\n","protected":false},"excerpt":{"rendered":"<p>As nossas tarifasCHF 120 por noite Tarifas semanais: 10-15% de desconto para reservas de mais de uma semana. Arrendamento de longa dura\u00e7\u00e3o: Pre\u00e7os negociados mensalmente para os inquilinos que pretendam permanecer durante v\u00e1rios meses, especialmente na \u00e9poca baixa (cerca de 1.200 a 1.500 euros por m\u00eas).CHF 80 por noite Tarifas semanais: 10-15% de desconto para [&hellip;]<\/p>\n","protected":false},"author":1,"featured_media":0,"parent":0,"menu_order":0,"comment_status":"closed","ping_status":"closed","template":"","meta":{"_et_pb_use_builder":"on","_et_pb_old_content":"","_et_gb_content_width":"","footnotes":""},"class_list":["post-29315","page","type-page","status-publish","hentry"],"yoast_head":"<!-- This site is optimized with the Yoast SEO plugin v27.4 - https:\/\/yoast.com\/product\/yoast-seo-wordpress\/ -->\n<title>Reserva o teu apartamento no Algarve | - Apartment Algarve Rental<\/title>\n<meta name=\"description\" content=\"Reserva o teu apartamento no Algarve com apenas alguns cliques. Informa-te sobre a disponibilidade, pre\u00e7os e condi\u00e7\u00f5es para as tuas f\u00e9rias em Portugal.\" \/>\n<meta name=\"robots\" content=\"index, follow, max-snippet:-1, max-image-preview:large, max-video-preview:-1\" \/>\n<link rel=\"canonical\" href=\"https:\/\/apartmentalgarverental.com\/pt-pt\/livro\/\" \/>\n<meta property=\"og:locale\" content=\"pt_PT\" \/>\n<meta property=\"og:type\" content=\"article\" \/>\n<meta property=\"og:title\" content=\"Reserva o teu apartamento no Algarve | - Apartment Algarve Rental\" \/>\n<meta property=\"og:description\" content=\"Reserva o teu apartamento no Algarve com apenas alguns cliques. Informa-te sobre a disponibilidade, pre\u00e7os e condi\u00e7\u00f5es para as tuas f\u00e9rias em Portugal.\" \/>\n<meta property=\"og:url\" content=\"https:\/\/apartmentalgarverental.com\/pt-pt\/livro\/\" \/>\n<meta property=\"og:site_name\" content=\"Apartment Algarve Rental\" \/>\n<meta property=\"article:modified_time\" content=\"2025-04-20T14:13:26+00:00\" \/>\n<meta name=\"twitter:card\" content=\"summary_large_image\" \/>\n<meta name=\"twitter:label1\" content=\"Tempo estimado de leitura\" \/>\n\t<meta name=\"twitter:data1\" content=\"5 minutos\" \/>\n<script type=\"application\/ld+json\" class=\"yoast-schema-graph\">{\"@context\":\"https:\\\/\\\/schema.org\",\"@graph\":[{\"@type\":\"WebPage\",\"@id\":\"https:\\\/\\\/apartmentalgarverental.com\\\/pt-pt\\\/livro\\\/\",\"url\":\"https:\\\/\\\/apartmentalgarverental.com\\\/pt-pt\\\/livro\\\/\",\"name\":\"Reserva o teu apartamento no Algarve | - Apartment Algarve Rental\",\"isPartOf\":{\"@id\":\"https:\\\/\\\/apartmentalgarverental.com\\\/pt-pt\\\/#website\"},\"datePublished\":\"2024-06-02T11:23:51+00:00\",\"dateModified\":\"2025-04-20T14:13:26+00:00\",\"description\":\"Reserva o teu apartamento no Algarve com apenas alguns cliques. Informa-te sobre a disponibilidade, pre\u00e7os e condi\u00e7\u00f5es para as tuas f\u00e9rias em Portugal.\",\"breadcrumb\":{\"@id\":\"https:\\\/\\\/apartmentalgarverental.com\\\/pt-pt\\\/livro\\\/#breadcrumb\"},\"inLanguage\":\"pt-PT\",\"potentialAction\":[{\"@type\":\"ReadAction\",\"target\":[\"https:\\\/\\\/apartmentalgarverental.com\\\/pt-pt\\\/livro\\\/\"]}]},{\"@type\":\"BreadcrumbList\",\"@id\":\"https:\\\/\\\/apartmentalgarverental.com\\\/pt-pt\\\/livro\\\/#breadcrumb\",\"itemListElement\":[{\"@type\":\"ListItem\",\"position\":1,\"name\":\"Accueil\",\"item\":\"https:\\\/\\\/apartmentalgarverental.com\\\/pt-pt\\\/propriedade\\\/\"},{\"@type\":\"ListItem\",\"position\":2,\"name\":\"Livro\"}]},{\"@type\":\"WebSite\",\"@id\":\"https:\\\/\\\/apartmentalgarverental.com\\\/pt-pt\\\/#website\",\"url\":\"https:\\\/\\\/apartmentalgarverental.com\\\/pt-pt\\\/\",\"name\":\"Apartment Algarve Rental\",\"description\":\"\",\"publisher\":{\"@id\":\"https:\\\/\\\/apartmentalgarverental.com\\\/pt-pt\\\/#organization\"},\"potentialAction\":[{\"@type\":\"SearchAction\",\"target\":{\"@type\":\"EntryPoint\",\"urlTemplate\":\"https:\\\/\\\/apartmentalgarverental.com\\\/pt-pt\\\/?s={search_term_string}\"},\"query-input\":{\"@type\":\"PropertyValueSpecification\",\"valueRequired\":true,\"valueName\":\"search_term_string\"}}],\"inLanguage\":\"pt-PT\"},{\"@type\":\"Organization\",\"@id\":\"https:\\\/\\\/apartmentalgarverental.com\\\/pt-pt\\\/#organization\",\"name\":\"Apartment Algarve Rental\",\"url\":\"https:\\\/\\\/apartmentalgarverental.com\\\/pt-pt\\\/\",\"logo\":{\"@type\":\"ImageObject\",\"inLanguage\":\"pt-PT\",\"@id\":\"https:\\\/\\\/apartmentalgarverental.com\\\/pt-pt\\\/#\\\/schema\\\/logo\\\/image\\\/\",\"url\":\"https:\\\/\\\/apartmentalgarverental.com\\\/wp-content\\\/uploads\\\/2025\\\/04\\\/Mouta-apartments-e1745062593895.png\",\"contentUrl\":\"https:\\\/\\\/apartmentalgarverental.com\\\/wp-content\\\/uploads\\\/2025\\\/04\\\/Mouta-apartments-e1745062593895.png\",\"width\":500,\"height\":230,\"caption\":\"Apartment Algarve Rental\"},\"image\":{\"@id\":\"https:\\\/\\\/apartmentalgarverental.com\\\/pt-pt\\\/#\\\/schema\\\/logo\\\/image\\\/\"}}]}<\/script>\n<!-- \/ Yoast SEO plugin. -->","yoast_head_json":{"title":"Reserva o teu apartamento no Algarve | - Apartment Algarve Rental","description":"Reserva o teu apartamento no Algarve com apenas alguns cliques. Informa-te sobre a disponibilidade, pre\u00e7os e condi\u00e7\u00f5es para as tuas f\u00e9rias em Portugal.","robots":{"index":"index","follow":"follow","max-snippet":"max-snippet:-1","max-image-preview":"max-image-preview:large","max-video-preview":"max-video-preview:-1"},"canonical":"https:\/\/apartmentalgarverental.com\/pt-pt\/livro\/","og_locale":"pt_PT","og_type":"article","og_title":"Reserva o teu apartamento no Algarve | - Apartment Algarve Rental","og_description":"Reserva o teu apartamento no Algarve com apenas alguns cliques. Informa-te sobre a disponibilidade, pre\u00e7os e condi\u00e7\u00f5es para as tuas f\u00e9rias em Portugal.","og_url":"https:\/\/apartmentalgarverental.com\/pt-pt\/livro\/","og_site_name":"Apartment Algarve Rental","article_modified_time":"2025-04-20T14:13:26+00:00","twitter_card":"summary_large_image","twitter_misc":{"Tempo estimado de leitura":"5 minutos"},"schema":{"@context":"https:\/\/schema.org","@graph":[{"@type":"WebPage","@id":"https:\/\/apartmentalgarverental.com\/pt-pt\/livro\/","url":"https:\/\/apartmentalgarverental.com\/pt-pt\/livro\/","name":"Reserva o teu apartamento no Algarve | - Apartment Algarve Rental","isPartOf":{"@id":"https:\/\/apartmentalgarverental.com\/pt-pt\/#website"},"datePublished":"2024-06-02T11:23:51+00:00","dateModified":"2025-04-20T14:13:26+00:00","description":"Reserva o teu apartamento no Algarve com apenas alguns cliques. Informa-te sobre a disponibilidade, pre\u00e7os e condi\u00e7\u00f5es para as tuas f\u00e9rias em Portugal.","breadcrumb":{"@id":"https:\/\/apartmentalgarverental.com\/pt-pt\/livro\/#breadcrumb"},"inLanguage":"pt-PT","potentialAction":[{"@type":"ReadAction","target":["https:\/\/apartmentalgarverental.com\/pt-pt\/livro\/"]}]},{"@type":"BreadcrumbList","@id":"https:\/\/apartmentalgarverental.com\/pt-pt\/livro\/#breadcrumb","itemListElement":[{"@type":"ListItem","position":1,"name":"Accueil","item":"https:\/\/apartmentalgarverental.com\/pt-pt\/propriedade\/"},{"@type":"ListItem","position":2,"name":"Livro"}]},{"@type":"WebSite","@id":"https:\/\/apartmentalgarverental.com\/pt-pt\/#website","url":"https:\/\/apartmentalgarverental.com\/pt-pt\/","name":"Apartment Algarve Rental","description":"","publisher":{"@id":"https:\/\/apartmentalgarverental.com\/pt-pt\/#organization"},"potentialAction":[{"@type":"SearchAction","target":{"@type":"EntryPoint","urlTemplate":"https:\/\/apartmentalgarverental.com\/pt-pt\/?s={search_term_string}"},"query-input":{"@type":"PropertyValueSpecification","valueRequired":true,"valueName":"search_term_string"}}],"inLanguage":"pt-PT"},{"@type":"Organization","@id":"https:\/\/apartmentalgarverental.com\/pt-pt\/#organization","name":"Apartment Algarve Rental","url":"https:\/\/apartmentalgarverental.com\/pt-pt\/","logo":{"@type":"ImageObject","inLanguage":"pt-PT","@id":"https:\/\/apartmentalgarverental.com\/pt-pt\/#\/schema\/logo\/image\/","url":"https:\/\/apartmentalgarverental.com\/wp-content\/uploads\/2025\/04\/Mouta-apartments-e1745062593895.png","contentUrl":"https:\/\/apartmentalgarverental.com\/wp-content\/uploads\/2025\/04\/Mouta-apartments-e1745062593895.png","width":500,"height":230,"caption":"Apartment Algarve Rental"},"image":{"@id":"https:\/\/apartmentalgarverental.com\/pt-pt\/#\/schema\/logo\/image\/"}}]}},"_links":{"self":[{"href":"https:\/\/apartmentalgarverental.com\/pt-pt\/wp-json\/wp\/v2\/pages\/29315","targetHints":{"allow":["GET"]}}],"collection":[{"href":"https:\/\/apartmentalgarverental.com\/pt-pt\/wp-json\/wp\/v2\/pages"}],"about":[{"href":"https:\/\/apartmentalgarverental.com\/pt-pt\/wp-json\/wp\/v2\/types\/page"}],"author":[{"embeddable":true,"href":"https:\/\/apartmentalgarverental.com\/pt-pt\/wp-json\/wp\/v2\/users\/1"}],"replies":[{"embeddable":true,"href":"https:\/\/apartmentalgarverental.com\/pt-pt\/wp-json\/wp\/v2\/comments?post=29315"}],"version-history":[{"count":10,"href":"https:\/\/apartmentalgarverental.com\/pt-pt\/wp-json\/wp\/v2\/pages\/29315\/revisions"}],"predecessor-version":[{"id":29352,"href":"https:\/\/apartmentalgarverental.com\/pt-pt\/wp-json\/wp\/v2\/pages\/29315\/revisions\/29352"}],"wp:attachment":[{"href":"https:\/\/apartmentalgarverental.com\/pt-pt\/wp-json\/wp\/v2\/media?parent=29315"}],"curies":[{"name":"wp","href":"https:\/\/api.w.org\/{rel}","templated":true}]}}