{"id":29393,"date":"2024-07-13T15:17:02","date_gmt":"2024-07-13T13:17:02","guid":{"rendered":"https:\/\/apartmentalgarverental.com\/faq\/"},"modified":"2025-04-20T16:18:22","modified_gmt":"2025-04-20T14:18:22","slug":"faq","status":"publish","type":"page","link":"https:\/\/apartmentalgarverental.com\/en\/faq\/","title":{"rendered":"FAQ"},"content":{"rendered":"<p>[et_pb_section fb_built=&#8221;1&#8243; _builder_version=&#8221;4.26.1&#8243; _module_preset=&#8221;default&#8221; custom_padding=&#8221;10px||29px||false|false&#8221; global_colors_info=&#8221;{}&#8221;][et_pb_row _builder_version=&#8221;4.21.0&#8243; _module_preset=&#8221;default&#8221; locked=&#8221;off&#8221; global_colors_info=&#8221;{}&#8221;][et_pb_column type=&#8221;4_4&#8243; _builder_version=&#8221;4.21.0&#8243; _module_preset=&#8221;default&#8221; global_colors_info=&#8221;{}&#8221;][et_pb_text _builder_version=&#8221;4.25.1&#8243; _module_preset=&#8221;335c2db7-37a9-4c22-9df6-40135d673ee3&#8243; header_font=&#8221;||||||||&#8221; text_orientation=&#8221;center&#8221; global_colors_info=&#8221;{}&#8221;]<\/p>\n<h1>FAQ<\/h1>\n<p>[\/et_pb_text][\/et_pb_column][\/et_pb_row][et_pb_row _builder_version=&#8221;4.26.1&#8243; _module_preset=&#8221;default&#8221; global_colors_info=&#8221;{}&#8221;][et_pb_column type=&#8221;4_4&#8243; _builder_version=&#8221;4.26.1&#8243; _module_preset=&#8221;default&#8221; global_colors_info=&#8221;{}&#8221;][et_pb_accordion open_toggle_text_color=&#8221;#4682b4&#8243; _builder_version=&#8221;4.27.4&#8243; _module_preset=&#8221;default&#8221; toggle_text_color=&#8221;#4682b4&#8243; toggle_level=&#8221;h4&#8243; toggle_font=&#8221;|600|||||||&#8221; hover_enabled=&#8221;0&#8243; global_colors_info=&#8221;{}&#8221; sticky_enabled=&#8221;0&#8243;][et_pb_accordion_item title=&#8221;1. Comment r\u00e9cup\u00e9rer les cl\u00e9s de l&#8217;appartement ?&#8221; open=&#8221;on&#8221; _builder_version=&#8221;4.27.4&#8243; _module_preset=&#8221;default&#8221; hover_enabled=&#8221;0&#8243; global_colors_info=&#8221;{}&#8221; sticky_enabled=&#8221;0&#8243;]<\/p>\n<p>Vous pouvez r\u00e9cup\u00e9rer les cl\u00e9s chez Sandro Mouta \u00e0 l&#8217;adresse suivante : Volta da Gar\u00e7a-vermelha, Vilamoura, 8125-502 Quarteira,\u00a0Portugal. Veuillez-vous munir d&#8217;une pi\u00e8ce d&#8217;identit\u00e9 et de votre confirmation de r\u00e9servation. Les horaires de disponibilit\u00e9 sont de 9h00 \u00e0 18h00 du lundi au vendredi, et de 10h00 \u00e0 16h00 le samedi. L&#8217;office est ferm\u00e9 le dimanche.<\/p>\n<p>[\/et_pb_accordion_item][et_pb_accordion_item title=&#8221;2. \u00c0 quelle heure puis-je arriver et \u00e0 quelle heure dois-je partir ?&#8221; _builder_version=&#8221;4.26.1&#8243; _module_preset=&#8221;default&#8221; global_colors_info=&#8221;{}&#8221; open=&#8221;off&#8221;]<\/p>\n<p>L&#8217;heure d&#8217;arriv\u00e9e est \u00e0 partir de 15h00 et l&#8217;heure de d\u00e9part est avant 11h00. Si vous avez besoin de modifier ces horaires, merci de nous contacter \u00e0 l&#8217;avance et nous ferons de notre mieux pour vous accommoder.<\/p>\n<p>[\/et_pb_accordion_item][et_pb_accordion_item title=&#8221;3. Y a-t-il un parking disponible ?&#8221; _builder_version=&#8221;4.26.1&#8243; _module_preset=&#8221;default&#8221; global_colors_info=&#8221;{}&#8221; open=&#8221;off&#8221;]<\/p>\n<p>Oui, un parking est disponible pour nos clients. Veuillez nous informer \u00e0 l&#8217;avance si vous en avez besoin pour que nous puissions vous r\u00e9server une place.<\/p>\n<p>[\/et_pb_accordion_item][et_pb_accordion_item title=&#8221;4. L\u2019appartement est-il \u00e9quip\u00e9 d&#8217;une connexion Wi-Fi ?&#8221; _builder_version=&#8221;4.26.1&#8243; _module_preset=&#8221;default&#8221; global_colors_info=&#8221;{}&#8221; open=&#8221;off&#8221;]<\/p>\n<p>Oui, une connexion Wi-Fi est disponible gratuitement dans l&#8217;appartement. Le nom du r\u00e9seau et le mot de passe sont indiqu\u00e9s dans le livret d&#8217;accueil que vous trouverez \u00e0 votre arriv\u00e9e.<\/p>\n<p>[\/et_pb_accordion_item][et_pb_accordion_item title=&#8221;5. Les draps et les serviettes sont-ils fournis ?&#8221; _builder_version=&#8221;4.26.1&#8243; _module_preset=&#8221;default&#8221; global_colors_info=&#8221;{}&#8221; open=&#8221;off&#8221;]<\/p>\n<p>Oui, nous fournissons des draps et des serviettes pour tous nos clients. Si vous avez besoin de serviettes suppl\u00e9mentaires, veuillez-nous le faire savoir.<\/p>\n<p>[\/et_pb_accordion_item][et_pb_accordion_item title=&#8221;6. Puis-je fumer dans l&#8217;appartement ?&#8221; _builder_version=&#8221;4.26.1&#8243; _module_preset=&#8221;default&#8221; global_colors_info=&#8221;{}&#8221; open=&#8221;off&#8221;]<\/p>\n<p>Il est strictement interdit de fumer \u00e0 l&#8217;int\u00e9rieur de l&#8217;appartement. Une zone fumeurs est disponible \u00e0 l&#8217;ext\u00e9rieur du b\u00e2timent.<\/p>\n<p>[\/et_pb_accordion_item][et_pb_accordion_item title=&#8221;7. Les animaux de compagnie sont-ils autoris\u00e9s ?&#8221; _builder_version=&#8221;4.26.1&#8243; _module_preset=&#8221;default&#8221; global_colors_info=&#8221;{}&#8221; open=&#8221;off&#8221;]<\/p>\n<p>Les animaux de compagnie ne sont pas autoris\u00e9s, sauf accord pr\u00e9alable. Veuillez nous contacter pour discuter des exceptions possibles.<\/p>\n<p>[\/et_pb_accordion_item][et_pb_accordion_item title=&#8221;8. Que faire en cas de probl\u00e8me avec l&#8217;appartement ?&#8221; _builder_version=&#8221;4.26.1&#8243; _module_preset=&#8221;default&#8221; global_colors_info=&#8221;{}&#8221; open=&#8221;off&#8221;]<\/p>\n<p>En cas de probl\u00e8me, veuillez nous contacter imm\u00e9diatement. Nous ferons de notre mieux pour r\u00e9soudre le probl\u00e8me dans les plus brefs d\u00e9lais.<\/p>\n<p>[\/et_pb_accordion_item][et_pb_accordion_item title=&#8221;9. O\u00f9 puis-je d\u00e9poser mes d\u00e9chets ?&#8221; _builder_version=&#8221;4.26.1&#8243; _module_preset=&#8221;default&#8221; global_colors_info=&#8221;{}&#8221; open=&#8221;off&#8221;]<\/p>\n<p>Des bacs de tri sont disponibles dans la cuisine pour les d\u00e9chets recyclables et non recyclables. Les bacs principaux se trouvent \u00e0 l&#8217;ext\u00e9rieur de l&#8217;immeuble.<\/p>\n<p>[\/et_pb_accordion_item][et_pb_accordion_item title=&#8221;10. Que faire si je perds les cl\u00e9s ?&#8221; _builder_version=&#8221;4.26.1&#8243; _module_preset=&#8221;default&#8221; global_colors_info=&#8221;{}&#8221; open=&#8221;off&#8221;]<\/p>\n<p>Si vous perdez les cl\u00e9s, veuillez nous contacter imm\u00e9diatement. Des frais suppl\u00e9mentaires pour le remplacement des cl\u00e9s seront appliqu\u00e9s.<\/p>\n<p>[\/et_pb_accordion_item][et_pb_accordion_item title=&#8221;11. Comment puis-je obtenir des recommandations pour les restaurants et les activit\u00e9s locales ?&#8221; _builder_version=&#8221;4.26.1&#8243; _module_preset=&#8221;default&#8221; global_colors_info=&#8221;{}&#8221; open=&#8221;off&#8221;]<\/p>\n<p>Un livret d&#8217;accueil avec des recommandations pour les restaurants, les activit\u00e9s et les sites touristiques locaux est disponible dans l&#8217;appartement. Vous pouvez \u00e9galement nous contacter pour des suggestions personnalis\u00e9es.<\/p>\n<p>[\/et_pb_accordion_item][et_pb_accordion_item title=&#8221;12. Y a-t-il des r\u00e8gles sp\u00e9cifiques \u00e0 respecter pendant mon s\u00e9jour ?&#8221; _builder_version=&#8221;4.26.1&#8243; _module_preset=&#8221;default&#8221; global_colors_info=&#8221;{}&#8221; open=&#8221;off&#8221;]<\/p>\n<p>Oui, nous vous demandons de respecter les r\u00e8gles suivantes : maintenir l&#8217;appartement propre, \u00e9viter les nuisances sonores, ne pas fumer \u00e0 l&#8217;int\u00e9rieur, et signaler tout dommage imm\u00e9diatement.<\/p>\n<p>[\/et_pb_accordion_item][et_pb_accordion_item title=&#8221;13. Est-ce que le m\u00e9nage est inclus dans la location ?&#8221; _builder_version=&#8221;4.26.1&#8243; _module_preset=&#8221;default&#8221; global_colors_info=&#8221;{}&#8221; open=&#8221;off&#8221;]<\/p>\n<p>Oui, le m\u00e9nage de fin de s\u00e9jour est inclus. Cependant, nous vous demandons de laisser l&#8217;appartement dans un \u00e9tat raisonnablement propre. Un service de m\u00e9nage suppl\u00e9mentaire est disponible sur demande et moyennant des frais suppl\u00e9mentaires.<\/p>\n<p>[\/et_pb_accordion_item][et_pb_accordion_item title=&#8221;14. Y a-t-il des \u00e9quipements pour b\u00e9b\u00e9s disponibles ?&#8221; _builder_version=&#8221;4.26.1&#8243; _module_preset=&#8221;default&#8221; global_colors_info=&#8221;{}&#8221; open=&#8221;off&#8221;]<\/p>\n<p>Oui, nous pouvons fournir des \u00e9quipements pour b\u00e9b\u00e9s tels qu&#8217;un lit parapluie et une chaise haute. Veuillez nous informer \u00e0 l&#8217;avance si vous en avez besoin.<\/p>\n<p>[\/et_pb_accordion_item][et_pb_accordion_item title=&#8221;15. Puis-je inviter des visiteurs pendant mon s\u00e9jour ?&#8221; _builder_version=&#8221;4.26.1&#8243; _module_preset=&#8221;default&#8221; global_colors_info=&#8221;{}&#8221; open=&#8221;off&#8221;]<\/p>\n<p>Vous pouvez inviter des visiteurs, mais veuillez respecter la capacit\u00e9 maximale de l&#8217;appartement. Si vous pr\u00e9voyez d&#8217;organiser une r\u00e9union ou une f\u00eate, merci de nous en informer au pr\u00e9alable.<\/p>\n<p>[\/et_pb_accordion_item][et_pb_accordion_item title=&#8221;16. Comment puis-je prolonger mon s\u00e9jour ?&#8221; _builder_version=&#8221;4.26.1&#8243; _module_preset=&#8221;default&#8221; global_colors_info=&#8221;{}&#8221; open=&#8221;off&#8221;]<\/p>\n<p>Si vous souhaitez prolonger votre s\u00e9jour, veuillez nous contacter le plus t\u00f4t possible. Nous v\u00e9rifierons la disponibilit\u00e9 et vous informerons des tarifs et des conditions.<\/p>\n<p>[\/et_pb_accordion_item][et_pb_accordion_item title=&#8221;17. Y a-t-il une laverie dans l&#8217;appartement ?&#8221; _builder_version=&#8221;4.26.1&#8243; _module_preset=&#8221;default&#8221; global_colors_info=&#8221;{}&#8221; open=&#8221;off&#8221;]<\/p>\n<p>Oui, l&#8217;appartement est \u00e9quip\u00e9 d&#8217;une machine \u00e0 laver. Des instructions pour son utilisation sont fournies dans le livret d&#8217;accueil.<\/p>\n<p>[\/et_pb_accordion_item][et_pb_accordion_item title=&#8221;18. Comment puis-je r\u00e9gler le solde de ma r\u00e9servation ?&#8221; _builder_version=&#8221;4.26.1&#8243; _module_preset=&#8221;default&#8221; global_colors_info=&#8221;{}&#8221; open=&#8221;off&#8221;]<\/p>\n<p>Le solde de votre r\u00e9servation peut \u00eatre r\u00e9gl\u00e9 par carte de cr\u00e9dit, virement bancaire ou en esp\u00e8ces \u00e0 votre arriv\u00e9e. Veuillez nous contacter pour plus de d\u00e9tails.<\/p>\n<p>[\/et_pb_accordion_item][et_pb_accordion_item title=&#8221;19. Y a-t-il une t\u00e9l\u00e9vision et quels services sont disponibles ?&#8221; _builder_version=&#8221;4.26.1&#8243; _module_preset=&#8221;default&#8221; global_colors_info=&#8221;{}&#8221; open=&#8221;off&#8221;]<\/p>\n<p>Oui, l&#8217;appartement est \u00e9quip\u00e9 d&#8217;une t\u00e9l\u00e9vision. Nous offrons \u00e9galement des services de streaming tels que Netflix et Amazon Prime. Les instructions pour acc\u00e9der \u00e0 ces services sont disponibles dans le livret d&#8217;accueil.<\/p>\n<p>[\/et_pb_accordion_item][et_pb_accordion_item title=&#8221;20. Que faire en cas d&#8217;urgence m\u00e9dicale ?&#8221; _builder_version=&#8221;4.26.1&#8243; _module_preset=&#8221;default&#8221; global_colors_info=&#8221;{}&#8221; open=&#8221;off&#8221;]<\/p>\n<p>En cas d&#8217;urgence m\u00e9dicale, veuillez composer le 112 pour les services d&#8217;urgence. Les h\u00f4pitaux et les cliniques les plus proches sont r\u00e9pertori\u00e9s dans le livret d&#8217;accueil.<\/p>\n<p>[\/et_pb_accordion_item][\/et_pb_accordion][et_pb_text _builder_version=&#8221;4.27.4&#8243; _module_preset=&#8221;default&#8221; global_colors_info=&#8221;{}&#8221;]<\/p>\n<p>Si vous avez d&#8217;autres questions ou besoin d&#8217;assistance, n&#8217;h\u00e9sitez pas \u00e0 nous contacter. Nous sommes l\u00e0 pour vous aider \u00e0 passer un excellent s\u00e9jour.<\/p>\n<p>&nbsp;<\/p>\n<p>Cordialement,<\/p>\n<p>Apartement Algarve Rental<\/p>\n<p><img loading=\"lazy\" decoding=\"async\" src=\"https:\/\/apartmentalgarverental.com\/wp-content\/uploads\/2025\/04\/Mouta-apartments-e1745062593895.png\" width=\"500\" height=\"230\" alt=\"Logo\" class=\"wp-image-29178 alignnone size-full\" srcset=\"https:\/\/apartmentalgarverental.com\/wp-content\/uploads\/2025\/04\/Mouta-apartments-e1745062593895.png 500w, https:\/\/apartmentalgarverental.com\/wp-content\/uploads\/2025\/04\/Mouta-apartments-e1745062593895-480x230.png 480w\" sizes=\"(min-width: 0px) and (max-width: 480px) 480px, (min-width: 481px) 500px, 100vw\" \/><\/p>\n<p>[\/et_pb_text][\/et_pb_column][\/et_pb_row][\/et_pb_section]<\/p>\n","protected":false},"excerpt":{"rendered":"<p>FAQVous pouvez r\u00e9cup\u00e9rer les cl\u00e9s chez Sandro Mouta \u00e0 l&#8217;adresse suivante : Volta da Gar\u00e7a-vermelha, Vilamoura, 8125-502 Quarteira,\u00a0Portugal. Veuillez-vous munir d&#8217;une pi\u00e8ce d&#8217;identit\u00e9 et de votre confirmation de r\u00e9servation. Les horaires de disponibilit\u00e9 sont de 9h00 \u00e0 18h00 du lundi au vendredi, et de 10h00 \u00e0 16h00 le samedi. L&#8217;office est ferm\u00e9 le dimanche.L&#8217;heure d&#8217;arriv\u00e9e [&hellip;]<\/p>\n","protected":false},"author":1,"featured_media":0,"parent":0,"menu_order":0,"comment_status":"closed","ping_status":"closed","template":"","meta":{"_et_pb_use_builder":"on","_et_pb_old_content":"","_et_gb_content_width":"","footnotes":""},"class_list":["post-29393","page","type-page","status-publish","hentry"],"yoast_head":"<!-- This site is optimized with the Yoast SEO plugin v27.4 - https:\/\/yoast.com\/product\/yoast-seo-wordpress\/ -->\n<title>FAQ - Apartment Algarve Rental<\/title>\n<meta name=\"description\" content=\"Check our FAQ to find answers to your questions about apartment rentals in the Algarve, booking, payment, and services.\" \/>\n<meta name=\"robots\" content=\"index, follow, max-snippet:-1, max-image-preview:large, max-video-preview:-1\" \/>\n<link rel=\"canonical\" href=\"https:\/\/apartmentalgarverental.com\/en\/faq\/\" \/>\n<meta property=\"og:locale\" content=\"en_US\" \/>\n<meta property=\"og:type\" content=\"article\" \/>\n<meta property=\"og:title\" content=\"FAQ - Apartment Algarve Rental\" \/>\n<meta property=\"og:description\" content=\"Check our FAQ to find answers to your questions about apartment rentals in the Algarve, booking, payment, and services.\" \/>\n<meta property=\"og:url\" content=\"https:\/\/apartmentalgarverental.com\/en\/faq\/\" \/>\n<meta property=\"og:site_name\" content=\"Apartment Algarve Rental\" \/>\n<meta property=\"article:modified_time\" content=\"2025-04-20T14:18:22+00:00\" \/>\n<meta property=\"og:image\" content=\"https:\/\/apartmentalgarverental.com\/wp-content\/uploads\/2025\/04\/Mouta-apartments-e1745062593895.png\" \/>\n\t<meta property=\"og:image:width\" content=\"500\" \/>\n\t<meta property=\"og:image:height\" content=\"230\" \/>\n\t<meta property=\"og:image:type\" content=\"image\/png\" \/>\n<meta name=\"twitter:card\" content=\"summary_large_image\" \/>\n<meta name=\"twitter:label1\" content=\"Est. reading time\" \/>\n\t<meta name=\"twitter:data1\" content=\"7 minutes\" \/>\n<script type=\"application\/ld+json\" class=\"yoast-schema-graph\">{\"@context\":\"https:\\\/\\\/schema.org\",\"@graph\":[{\"@type\":\"WebPage\",\"@id\":\"https:\\\/\\\/apartmentalgarverental.com\\\/en\\\/faq\\\/\",\"url\":\"https:\\\/\\\/apartmentalgarverental.com\\\/en\\\/faq\\\/\",\"name\":\"FAQ - Apartment Algarve Rental\",\"isPartOf\":{\"@id\":\"https:\\\/\\\/apartmentalgarverental.com\\\/en\\\/#website\"},\"primaryImageOfPage\":{\"@id\":\"https:\\\/\\\/apartmentalgarverental.com\\\/en\\\/faq\\\/#primaryimage\"},\"image\":{\"@id\":\"https:\\\/\\\/apartmentalgarverental.com\\\/en\\\/faq\\\/#primaryimage\"},\"thumbnailUrl\":\"https:\\\/\\\/apartmentalgarverental.com\\\/wp-content\\\/uploads\\\/2025\\\/04\\\/Mouta-apartments-e1745062593895.png\",\"datePublished\":\"2024-07-13T13:17:02+00:00\",\"dateModified\":\"2025-04-20T14:18:22+00:00\",\"description\":\"Check our FAQ to find answers to your questions about apartment rentals in the Algarve, booking, payment, and services.\",\"breadcrumb\":{\"@id\":\"https:\\\/\\\/apartmentalgarverental.com\\\/en\\\/faq\\\/#breadcrumb\"},\"inLanguage\":\"en-US\",\"potentialAction\":[{\"@type\":\"ReadAction\",\"target\":[\"https:\\\/\\\/apartmentalgarverental.com\\\/en\\\/faq\\\/\"]}]},{\"@type\":\"ImageObject\",\"inLanguage\":\"en-US\",\"@id\":\"https:\\\/\\\/apartmentalgarverental.com\\\/en\\\/faq\\\/#primaryimage\",\"url\":\"https:\\\/\\\/apartmentalgarverental.com\\\/wp-content\\\/uploads\\\/2025\\\/04\\\/Mouta-apartments-e1745062593895.png\",\"contentUrl\":\"https:\\\/\\\/apartmentalgarverental.com\\\/wp-content\\\/uploads\\\/2025\\\/04\\\/Mouta-apartments-e1745062593895.png\"},{\"@type\":\"BreadcrumbList\",\"@id\":\"https:\\\/\\\/apartmentalgarverental.com\\\/en\\\/faq\\\/#breadcrumb\",\"itemListElement\":[{\"@type\":\"ListItem\",\"position\":1,\"name\":\"Accueil\",\"item\":\"https:\\\/\\\/apartmentalgarverental.com\\\/en\\\/\"},{\"@type\":\"ListItem\",\"position\":2,\"name\":\"FAQ\"}]},{\"@type\":\"WebSite\",\"@id\":\"https:\\\/\\\/apartmentalgarverental.com\\\/en\\\/#website\",\"url\":\"https:\\\/\\\/apartmentalgarverental.com\\\/en\\\/\",\"name\":\"Apartment Algarve Rental\",\"description\":\"\",\"publisher\":{\"@id\":\"https:\\\/\\\/apartmentalgarverental.com\\\/en\\\/#organization\"},\"potentialAction\":[{\"@type\":\"SearchAction\",\"target\":{\"@type\":\"EntryPoint\",\"urlTemplate\":\"https:\\\/\\\/apartmentalgarverental.com\\\/en\\\/?s={search_term_string}\"},\"query-input\":{\"@type\":\"PropertyValueSpecification\",\"valueRequired\":true,\"valueName\":\"search_term_string\"}}],\"inLanguage\":\"en-US\"},{\"@type\":\"Organization\",\"@id\":\"https:\\\/\\\/apartmentalgarverental.com\\\/en\\\/#organization\",\"name\":\"Apartment Algarve Rental\",\"url\":\"https:\\\/\\\/apartmentalgarverental.com\\\/en\\\/\",\"logo\":{\"@type\":\"ImageObject\",\"inLanguage\":\"en-US\",\"@id\":\"https:\\\/\\\/apartmentalgarverental.com\\\/en\\\/#\\\/schema\\\/logo\\\/image\\\/\",\"url\":\"https:\\\/\\\/apartmentalgarverental.com\\\/wp-content\\\/uploads\\\/2025\\\/04\\\/Mouta-apartments-e1745062593895.png\",\"contentUrl\":\"https:\\\/\\\/apartmentalgarverental.com\\\/wp-content\\\/uploads\\\/2025\\\/04\\\/Mouta-apartments-e1745062593895.png\",\"width\":500,\"height\":230,\"caption\":\"Apartment Algarve Rental\"},\"image\":{\"@id\":\"https:\\\/\\\/apartmentalgarverental.com\\\/en\\\/#\\\/schema\\\/logo\\\/image\\\/\"}}]}<\/script>\n<!-- \/ Yoast SEO plugin. -->","yoast_head_json":{"title":"FAQ - Apartment Algarve Rental","description":"Check our FAQ to find answers to your questions about apartment rentals in the Algarve, booking, payment, and services.","robots":{"index":"index","follow":"follow","max-snippet":"max-snippet:-1","max-image-preview":"max-image-preview:large","max-video-preview":"max-video-preview:-1"},"canonical":"https:\/\/apartmentalgarverental.com\/en\/faq\/","og_locale":"en_US","og_type":"article","og_title":"FAQ - Apartment Algarve Rental","og_description":"Check our FAQ to find answers to your questions about apartment rentals in the Algarve, booking, payment, and services.","og_url":"https:\/\/apartmentalgarverental.com\/en\/faq\/","og_site_name":"Apartment Algarve Rental","article_modified_time":"2025-04-20T14:18:22+00:00","og_image":[{"width":500,"height":230,"url":"https:\/\/apartmentalgarverental.com\/wp-content\/uploads\/2025\/04\/Mouta-apartments-e1745062593895.png","type":"image\/png"}],"twitter_card":"summary_large_image","twitter_misc":{"Est. reading time":"7 minutes"},"schema":{"@context":"https:\/\/schema.org","@graph":[{"@type":"WebPage","@id":"https:\/\/apartmentalgarverental.com\/en\/faq\/","url":"https:\/\/apartmentalgarverental.com\/en\/faq\/","name":"FAQ - Apartment Algarve Rental","isPartOf":{"@id":"https:\/\/apartmentalgarverental.com\/en\/#website"},"primaryImageOfPage":{"@id":"https:\/\/apartmentalgarverental.com\/en\/faq\/#primaryimage"},"image":{"@id":"https:\/\/apartmentalgarverental.com\/en\/faq\/#primaryimage"},"thumbnailUrl":"https:\/\/apartmentalgarverental.com\/wp-content\/uploads\/2025\/04\/Mouta-apartments-e1745062593895.png","datePublished":"2024-07-13T13:17:02+00:00","dateModified":"2025-04-20T14:18:22+00:00","description":"Check our FAQ to find answers to your questions about apartment rentals in the Algarve, booking, payment, and services.","breadcrumb":{"@id":"https:\/\/apartmentalgarverental.com\/en\/faq\/#breadcrumb"},"inLanguage":"en-US","potentialAction":[{"@type":"ReadAction","target":["https:\/\/apartmentalgarverental.com\/en\/faq\/"]}]},{"@type":"ImageObject","inLanguage":"en-US","@id":"https:\/\/apartmentalgarverental.com\/en\/faq\/#primaryimage","url":"https:\/\/apartmentalgarverental.com\/wp-content\/uploads\/2025\/04\/Mouta-apartments-e1745062593895.png","contentUrl":"https:\/\/apartmentalgarverental.com\/wp-content\/uploads\/2025\/04\/Mouta-apartments-e1745062593895.png"},{"@type":"BreadcrumbList","@id":"https:\/\/apartmentalgarverental.com\/en\/faq\/#breadcrumb","itemListElement":[{"@type":"ListItem","position":1,"name":"Accueil","item":"https:\/\/apartmentalgarverental.com\/en\/"},{"@type":"ListItem","position":2,"name":"FAQ"}]},{"@type":"WebSite","@id":"https:\/\/apartmentalgarverental.com\/en\/#website","url":"https:\/\/apartmentalgarverental.com\/en\/","name":"Apartment Algarve Rental","description":"","publisher":{"@id":"https:\/\/apartmentalgarverental.com\/en\/#organization"},"potentialAction":[{"@type":"SearchAction","target":{"@type":"EntryPoint","urlTemplate":"https:\/\/apartmentalgarverental.com\/en\/?s={search_term_string}"},"query-input":{"@type":"PropertyValueSpecification","valueRequired":true,"valueName":"search_term_string"}}],"inLanguage":"en-US"},{"@type":"Organization","@id":"https:\/\/apartmentalgarverental.com\/en\/#organization","name":"Apartment Algarve Rental","url":"https:\/\/apartmentalgarverental.com\/en\/","logo":{"@type":"ImageObject","inLanguage":"en-US","@id":"https:\/\/apartmentalgarverental.com\/en\/#\/schema\/logo\/image\/","url":"https:\/\/apartmentalgarverental.com\/wp-content\/uploads\/2025\/04\/Mouta-apartments-e1745062593895.png","contentUrl":"https:\/\/apartmentalgarverental.com\/wp-content\/uploads\/2025\/04\/Mouta-apartments-e1745062593895.png","width":500,"height":230,"caption":"Apartment Algarve Rental"},"image":{"@id":"https:\/\/apartmentalgarverental.com\/en\/#\/schema\/logo\/image\/"}}]}},"_links":{"self":[{"href":"https:\/\/apartmentalgarverental.com\/en\/wp-json\/wp\/v2\/pages\/29393","targetHints":{"allow":["GET"]}}],"collection":[{"href":"https:\/\/apartmentalgarverental.com\/en\/wp-json\/wp\/v2\/pages"}],"about":[{"href":"https:\/\/apartmentalgarverental.com\/en\/wp-json\/wp\/v2\/types\/page"}],"author":[{"embeddable":true,"href":"https:\/\/apartmentalgarverental.com\/en\/wp-json\/wp\/v2\/users\/1"}],"replies":[{"embeddable":true,"href":"https:\/\/apartmentalgarverental.com\/en\/wp-json\/wp\/v2\/comments?post=29393"}],"version-history":[{"count":1,"href":"https:\/\/apartmentalgarverental.com\/en\/wp-json\/wp\/v2\/pages\/29393\/revisions"}],"predecessor-version":[{"id":29398,"href":"https:\/\/apartmentalgarverental.com\/en\/wp-json\/wp\/v2\/pages\/29393\/revisions\/29398"}],"wp:attachment":[{"href":"https:\/\/apartmentalgarverental.com\/en\/wp-json\/wp\/v2\/media?parent=29393"}],"curies":[{"name":"wp","href":"https:\/\/api.w.org\/{rel}","templated":true}]}}